{"id":3368,"date":"2026-04-20T15:46:48","date_gmt":"2026-04-20T15:46:48","guid":{"rendered":"https:\/\/cristianperfumo.staging.dissenyweb.com\/avviso-legale\/"},"modified":"2026-04-21T12:05:08","modified_gmt":"2026-04-21T12:05:08","slug":"avviso-legale","status":"publish","type":"page","link":"https:\/\/cristianperfumo.staging.dissenyweb.com\/it\/avviso-legale\/","title":{"rendered":"Avviso legale"},"content":{"rendered":"<h1>AVVISO LEGALE<\/h1>\n<h3><span style=\"color: #ffffff;\"><strong>Titolare del sito web e recapiti<\/strong><\/span><\/h3>\n<p>www.cristianperfumo.com \u00e8 un dominio Internet di propriet\u00e0 di CRISTIAN PERFUMO, con <span style=\"color: #ff0000;\">CIF\/NIF XXXXXXX<\/span> e sede in <span style=\"color: #ff0000;\">xxxxxxxxxxxx.<\/span><\/p>\n<p>Lo scopo del sito web \u00e8 fornire informazioni commerciali sui prodotti che distribuiamo, nonch\u00e9 creare un canale di contatto con i potenziali clienti o i clienti esistenti attraverso questo sito.<\/p>\n<p>Potete contattarci:<\/p>\n<ul>\n<li>Per telefono, al numero\u00a0<span style=\"color: #ff0000;\">XXXXXXX<\/span><\/li>\n<li>Via e-mail, scrivendo a <a href=\"mailto:cristian@cristianperfumo.com\" rel=\"noopener\">cristian@cristianperfumo.com.<\/a><\/li>\n<li>Per iscritto, all&#8217;attenzione di CRISTIAN PERFUMO, via <span style=\"color: #ff0000;\">xxxxxxxxx Barcellona.<\/span><\/li>\n<\/ul>\n<p>Per qualsiasi chiarimento, non esitate a contattare CRISTIAN PERFUMO, di seguito denominato \u00abil titolare del sito web\u00bb.<\/p>\n<h3><span style=\"color: #ffffff;\"><strong>Condizioni d&#8217;uso del sito web<\/strong><\/span><\/h3>\n<p>Le presenti condizioni d&#8217;uso regolano l&#8217;accesso al presente sito web da parte dei clienti del titolare del sito e degli altri utenti di Internet. Con il semplice utilizzo del presente sito web, l&#8217;utente dichiara di accettare senza riserve le presenti condizioni d&#8217;uso.<\/p>\n<p>Il titolare del sito web si riserva il diritto unilaterale di modificare le presenti condizioni di accesso al sito, nonch\u00e9 i contenuti in esso presenti.<\/p>\n<h3><span style=\"color: #ffffff;\"><strong>Limitazione ed esclusione di responsabilit\u00e0<\/strong><\/span><\/h3>\n<p>Il contenuto del presente sito web \u00e8 di carattere generale e ha finalit\u00e0 ed effetti esclusivamente informativi. Il titolare del sito declina ogni responsabilit\u00e0 in merito a qualsiasi informazione non redatta dal sito stesso o pubblicata a suo nome senza la sua autorizzazione, cos\u00ec come declina ogni responsabilit\u00e0 derivante dall&#8217;uso improprio dei contenuti da parte di terzi.<\/p>\n<p>L&#8217;utente esonera il titolare del sito web da qualsiasi responsabilit\u00e0 derivante da eventuali interruzioni nella disponibilit\u00e0 del sito web, siano esse dovute a malfunzionamenti del server web o delle applicazioni, delle infrastrutture di comunicazione, oppure del software e dell&#8217;hardware utilizzati per la navigazione.<\/p>\n<p>Qualora siano presenti collegamenti ad altri siti web, il titolare del sito declina ogni responsabilit\u00e0 in merito all&#8217;accesso e all&#8217;utilizzo di tali collegamenti.<\/p>\n<h3><span style=\"color: #ffffff;\"><strong>Propriet\u00e0 intellettuale e industriale<\/strong><\/span><\/h3>\n<p>L&#8217;intero contenuto di questo sito web \u00e8 protetto dalle leggi sulla propriet\u00e0 intellettuale e industriale. Salvo diversa indicazione, i diritti di propriet\u00e0 intellettuale su tali contenuti appartengono esclusivamente al titolare del sito web. L&#8217;utente riconosce che l&#8217;utilizzo dei contenuti \u00e8 strettamente limitato a fini personali e che la riproduzione, la distribuzione, la comunicazione o la trasformazione non espressamente autorizzate di tali opere costituiscono una violazione dei diritti di propriet\u00e0 intellettuale.<\/p>\n<p>L&#8217;utente si asterr\u00e0 inoltre dall&#8217;utilizzare i contenuti e, in particolare, le informazioni di qualsiasi tipo ottenute tramite il sito web per inviare pubblicit\u00e0, comunicazioni a fini di vendita diretta o per qualsiasi altro scopo commerciale, nonch\u00e9 messaggi non richiesti indirizzati a pi\u00f9 persone, indipendentemente dal loro scopo. Si asterr\u00e0 inoltre dal commercializzare o divulgare in qualsiasi modo tali informazioni.<\/p>\n<p>www.cristianperfumo.com \u00e8 un dominio di propriet\u00e0 del titolare del sito web. Non pu\u00f2 essere utilizzato, salvo previa espressa autorizzazione, in relazione ad altri prodotti o servizi che non siano di propriet\u00e0 del titolare del sito web, in alcun modo che possa causare confusione tra i nostri clienti o screditare il titolare del sito web.<\/p>\n<h3><span style=\"color: #ffffff;\"><strong>Politica sui link a questo sito web<\/strong><\/span><\/h3>\n<p>Qualora un utente, un ente o un sito web desiderasse inserire un link a questo sito, dovr\u00e0 richiedere l&#8217;autorizzazione scritta prima di procedere.<\/p>\n<p>Inoltre, \u00e8 consentito creare collegamenti solo alla pagina iniziale del sito web. Il collegamento deve essere assoluto e completo, ovvero deve indirizzare l&#8217;utente all&#8217;indirizzo stesso del titolare del sito web, occupando l&#8217;intera superficie dello schermo della pagina che contiene il collegamento. In nessun caso, salvo espressa autorizzazione scritta del titolare del sito web, la pagina che inserisce il link potr\u00e0 riprodurre in alcun modo il sito web del titolare, includerlo come parte del proprio sito web o all&#8217;interno di uno dei propri frame su qualsiasi pagina o contenuto del presente sito web.<\/p>\n<p>Non saranno incluse dichiarazioni false, inesatte o errate sulle pagine di questo sito web o sui servizi in esso offerti.<\/p>\n<p>Il link non conterr\u00e0 alcun marchio, nome commerciale, insegna, denominazione, logo, slogan o altri segni distintivi appartenenti al titolare del sito web.<\/p>\n<p>In nessun caso il titolare del sito web sar\u00e0 responsabile dei contenuti o dei servizi messi a disposizione del pubblico sul sito web da cui proviene il collegamento ipertestuale, n\u00e9 delle informazioni o delle dichiarazioni ivi contenute.<\/p>\n<h3><span style=\"color: #ffffff;\"><strong>Protezione dei dati personali<\/strong><\/span><\/h3>\n<p>L&#8217;utilizzo di questo sito web e dei relativi moduli comporta l&#8217;accettazione del trattamento dei dati dell&#8217;utente in conformit\u00e0 con la nostra informativa sulla privacy, compresa la raccolta dei dati di accesso e l&#8217;invio di informazioni commerciali per via elettronica.<\/p>\n<p>Legga attentamente la nostra informativa sulla privacy per sapere come trattiamo i dati degli utenti e come esercitare i diritti di accesso, rettifica, cancellazione e opposizione.<\/p>\n<h3><span style=\"color: #ffffff;\"><strong>Cookie<\/strong><\/span><\/h3>\n<p>Questo sito web utilizza cookie propri e di terze parti per diverse finalit\u00e0, tra cui l&#8217;analisi dei dati e la pubblicit\u00e0 personalizzata in base agli interessi dell&#8217;utente. Il semplice utilizzo di questo sito web con i cookie abilitati nel browser implica l&#8217;accettazione del loro trattamento in conformit\u00e0 con la nostra politica sui cookie.<\/p>\n<p>Leggi attentamente la nostra politica sui cookie per scoprire quali tipi di cookie utilizziamo e come bloccarli e cancellarli dal tuo browser.<\/p>\n<h3><span style=\"color: #ffffff;\"><strong>Diffusione della versione spagnola<\/strong><\/span><\/h3>\n<p>Qualora il presente avviso legale venga tradotto in altre lingue, in caso di discrepanza prevarr\u00e0 la versione spagnola.<\/p>\n<h3><span style=\"color: #ffffff;\"><strong>Legislazione e giurisdizione applicabile<\/strong><\/span><\/h3>\n<p>La presente nota legale, cos\u00ec come i rapporti tra il titolare del sito web e gli utenti, sono regolati dalla normativa spagnola vigente e qualsiasi controversia sar\u00e0 sottoposta ai tribunali di BARCELLONA, salvo nel caso dei consumatori e degli utenti, per i quali si applicher\u00e0 la competenza giurisdizionale obbligatoria dei tribunali corrispondenti al loro domicilio.<\/p>\n","protected":false},"excerpt":{"rendered":"<p>AVVISO LEGALE Titolare del sito web e recapiti www.cristianperfumo.com \u00e8<\/p>\n","protected":false},"author":2,"featured_media":0,"parent":0,"menu_order":0,"comment_status":"closed","ping_status":"closed","template":"","meta":{"_acf_changed":false,"footnotes":""},"class_list":["post-3368","page","type-page","status-publish","hentry"],"acf":[],"yoast_head":"<!-- This site is optimized with the Yoast SEO plugin v26.4 - https:\/\/yoast.com\/wordpress\/plugins\/seo\/ -->\n<title>Avviso legale - Cristian Perfumo<\/title>\n<meta name=\"robots\" content=\"index, follow, max-snippet:-1, max-image-preview:large, max-video-preview:-1\" \/>\n<link rel=\"canonical\" href=\"https:\/\/cristianperfumo.staging.dissenyweb.com\/it\/avviso-legale\/\" \/>\n<meta property=\"og:locale\" content=\"it_IT\" \/>\n<meta property=\"og:type\" content=\"article\" \/>\n<meta property=\"og:title\" content=\"Avviso legale - Cristian Perfumo\" \/>\n<meta property=\"og:description\" content=\"AVVISO LEGALE Titolare del sito web e recapiti www.cristianperfumo.com \u00e8\" \/>\n<meta property=\"og:url\" content=\"https:\/\/cristianperfumo.staging.dissenyweb.com\/it\/avviso-legale\/\" \/>\n<meta property=\"og:site_name\" content=\"Cristian Perfumo\" \/>\n<meta property=\"article:modified_time\" content=\"2026-04-21T12:05:08+00:00\" \/>\n<meta name=\"twitter:card\" content=\"summary_large_image\" \/>\n<meta name=\"twitter:label1\" content=\"Tempo di lettura stimato\" \/>\n\t<meta name=\"twitter:data1\" content=\"4 minuti\" \/>\n<script type=\"application\/ld+json\" class=\"yoast-schema-graph\">{\"@context\":\"https:\/\/schema.org\",\"@graph\":[{\"@type\":\"WebPage\",\"@id\":\"https:\/\/cristianperfumo.staging.dissenyweb.com\/it\/avviso-legale\/\",\"url\":\"https:\/\/cristianperfumo.staging.dissenyweb.com\/it\/avviso-legale\/\",\"name\":\"Avviso legale - Cristian Perfumo\",\"isPartOf\":{\"@id\":\"https:\/\/cristianperfumo.staging.dissenyweb.com\/it\/#website\"},\"datePublished\":\"2026-04-20T15:46:48+00:00\",\"dateModified\":\"2026-04-21T12:05:08+00:00\",\"breadcrumb\":{\"@id\":\"https:\/\/cristianperfumo.staging.dissenyweb.com\/it\/avviso-legale\/#breadcrumb\"},\"inLanguage\":\"it-IT\",\"potentialAction\":[{\"@type\":\"ReadAction\",\"target\":[\"https:\/\/cristianperfumo.staging.dissenyweb.com\/it\/avviso-legale\/\"]}]},{\"@type\":\"BreadcrumbList\",\"@id\":\"https:\/\/cristianperfumo.staging.dissenyweb.com\/it\/avviso-legale\/#breadcrumb\",\"itemListElement\":[{\"@type\":\"ListItem\",\"position\":1,\"name\":\"Portada\",\"item\":\"https:\/\/cristianperfumo.staging.dissenyweb.com\/it\/\"},{\"@type\":\"ListItem\",\"position\":2,\"name\":\"Avviso legale\"}]},{\"@type\":\"WebSite\",\"@id\":\"https:\/\/cristianperfumo.staging.dissenyweb.com\/it\/#website\",\"url\":\"https:\/\/cristianperfumo.staging.dissenyweb.com\/it\/\",\"name\":\"Cristian Perfumo\",\"description\":\"P\u00e1gina web de Cristian Perfumo, autor de novelas de misterio ambientadas en la Patagonia.\",\"potentialAction\":[{\"@type\":\"SearchAction\",\"target\":{\"@type\":\"EntryPoint\",\"urlTemplate\":\"https:\/\/cristianperfumo.staging.dissenyweb.com\/it\/?s={search_term_string}\"},\"query-input\":{\"@type\":\"PropertyValueSpecification\",\"valueRequired\":true,\"valueName\":\"search_term_string\"}}],\"inLanguage\":\"it-IT\"}]}<\/script>\n<!-- \/ Yoast SEO plugin. -->","yoast_head_json":{"title":"Avviso legale - Cristian Perfumo","robots":{"index":"index","follow":"follow","max-snippet":"max-snippet:-1","max-image-preview":"max-image-preview:large","max-video-preview":"max-video-preview:-1"},"canonical":"https:\/\/cristianperfumo.staging.dissenyweb.com\/it\/avviso-legale\/","og_locale":"it_IT","og_type":"article","og_title":"Avviso legale - Cristian Perfumo","og_description":"AVVISO LEGALE Titolare del sito web e recapiti www.cristianperfumo.com \u00e8","og_url":"https:\/\/cristianperfumo.staging.dissenyweb.com\/it\/avviso-legale\/","og_site_name":"Cristian Perfumo","article_modified_time":"2026-04-21T12:05:08+00:00","twitter_card":"summary_large_image","twitter_misc":{"Tempo di lettura stimato":"4 minuti"},"schema":{"@context":"https:\/\/schema.org","@graph":[{"@type":"WebPage","@id":"https:\/\/cristianperfumo.staging.dissenyweb.com\/it\/avviso-legale\/","url":"https:\/\/cristianperfumo.staging.dissenyweb.com\/it\/avviso-legale\/","name":"Avviso legale - Cristian Perfumo","isPartOf":{"@id":"https:\/\/cristianperfumo.staging.dissenyweb.com\/it\/#website"},"datePublished":"2026-04-20T15:46:48+00:00","dateModified":"2026-04-21T12:05:08+00:00","breadcrumb":{"@id":"https:\/\/cristianperfumo.staging.dissenyweb.com\/it\/avviso-legale\/#breadcrumb"},"inLanguage":"it-IT","potentialAction":[{"@type":"ReadAction","target":["https:\/\/cristianperfumo.staging.dissenyweb.com\/it\/avviso-legale\/"]}]},{"@type":"BreadcrumbList","@id":"https:\/\/cristianperfumo.staging.dissenyweb.com\/it\/avviso-legale\/#breadcrumb","itemListElement":[{"@type":"ListItem","position":1,"name":"Portada","item":"https:\/\/cristianperfumo.staging.dissenyweb.com\/it\/"},{"@type":"ListItem","position":2,"name":"Avviso legale"}]},{"@type":"WebSite","@id":"https:\/\/cristianperfumo.staging.dissenyweb.com\/it\/#website","url":"https:\/\/cristianperfumo.staging.dissenyweb.com\/it\/","name":"Cristian Perfumo","description":"P\u00e1gina web de Cristian Perfumo, autor de novelas de misterio ambientadas en la Patagonia.","potentialAction":[{"@type":"SearchAction","target":{"@type":"EntryPoint","urlTemplate":"https:\/\/cristianperfumo.staging.dissenyweb.com\/it\/?s={search_term_string}"},"query-input":{"@type":"PropertyValueSpecification","valueRequired":true,"valueName":"search_term_string"}}],"inLanguage":"it-IT"}]}},"_links":{"self":[{"href":"https:\/\/cristianperfumo.staging.dissenyweb.com\/it\/wp-json\/wp\/v2\/pages\/3368","targetHints":{"allow":["GET"]}}],"collection":[{"href":"https:\/\/cristianperfumo.staging.dissenyweb.com\/it\/wp-json\/wp\/v2\/pages"}],"about":[{"href":"https:\/\/cristianperfumo.staging.dissenyweb.com\/it\/wp-json\/wp\/v2\/types\/page"}],"author":[{"embeddable":true,"href":"https:\/\/cristianperfumo.staging.dissenyweb.com\/it\/wp-json\/wp\/v2\/users\/2"}],"replies":[{"embeddable":true,"href":"https:\/\/cristianperfumo.staging.dissenyweb.com\/it\/wp-json\/wp\/v2\/comments?post=3368"}],"version-history":[{"count":2,"href":"https:\/\/cristianperfumo.staging.dissenyweb.com\/it\/wp-json\/wp\/v2\/pages\/3368\/revisions"}],"predecessor-version":[{"id":3438,"href":"https:\/\/cristianperfumo.staging.dissenyweb.com\/it\/wp-json\/wp\/v2\/pages\/3368\/revisions\/3438"}],"wp:attachment":[{"href":"https:\/\/cristianperfumo.staging.dissenyweb.com\/it\/wp-json\/wp\/v2\/media?parent=3368"}],"curies":[{"name":"wp","href":"https:\/\/api.w.org\/{rel}","templated":true}]}}