{"id":3360,"date":"2024-01-10T13:15:16","date_gmt":"2024-01-10T13:15:16","guid":{"rendered":"https:\/\/cristianperfumo.staging.dissenyweb.com\/informativa-sulla-privacy\/"},"modified":"2026-04-21T12:10:31","modified_gmt":"2026-04-21T12:10:31","slug":"informativa-sulla-privacy","status":"publish","type":"page","link":"https:\/\/cristianperfumo.staging.dissenyweb.com\/it\/informativa-sulla-privacy\/","title":{"rendered":"Informativa sulla privacy"},"content":{"rendered":"\r\n<h1 class=\"wp-block-heading\"><span style=\"color: #ffffff;\"><strong>INFORMATIVA SULLA PRIVACY<\/strong><\/span><\/h1>\r\n<p>L&#8217;utilizzo di questo sito web e dei relativi moduli comporta l&#8217;accettazione del trattamento dei dati dell&#8217;utente in conformit\u00e0 con la presente informativa sulla privacy, compresa la raccolta dei dati di accesso e l&#8217;invio di informazioni commerciali per via elettronica.<\/p>\r\n<h3><span style=\"color: #ffffff;\"><strong>Titolare del trattamento dei dati e recapiti<\/strong> <\/span><\/h3>\r\n<p>Dati di contatto del responsabile:<\/p>\r\n<ul>\r\n<li>Il responsabile \u00e8: CRISTIAN PERFUMO, di seguito denominato \u00abil titolare del sito web\u00bb.<\/li>\r\n<li>Indirizzo: <span style=\"color: #ff0000;\">xxxxxxxxxxxxx<\/span><\/li>\r\n<li>Telefono: <span style=\"color: #ff0000;\">XXXXXXX<\/span><\/li>\r\n<li>Email: <a href=\"mailto:cristian@cristianperfumo.com\" rel=\"noopener\">cristian@cristianperfumo.com<\/a><\/li>\r\n<\/ul>\r\n<h3><span style=\"color: #ffffff;\"><strong>Finalit\u00e0 del trattamento dei dati<\/strong> <\/span><\/h3>\r\n<p>I dati vengono trattati al fine di consentire l&#8217;accesso ai contenuti online del sito web, rispondere alle richieste degli utenti, registrare le visite (indirizzi IP, dati del browser, paese, pagina visitata, ecc.) a fini statistici, applicare misure volte a garantire la sicurezza del sito web e, se del caso, inviare tramite mezzi elettronici informazioni commerciali sui nostri prodotti e servizi.<\/p>\r\n<p>Nel caso in cui si compili uno dei moduli, sar\u00e0 necessario fornire alcuni dati personali, che saranno trattati per le finalit\u00e0 per cui sono richiesti.<\/p>\r\n<h3><span style=\"color: #ffffff;\"><strong>Legittimazione<\/strong><\/span><\/h3>\r\n<p>I dati vengono trattati sulla base del consenso dell&#8217;utente, dell&#8217;adempimento di obblighi di legge e, se del caso, per l&#8217;esecuzione di un contratto o di un precontratto.<\/p>\r\n<h3><span style=\"color: #ffffff;\"><strong>Destinatari e bonifici<\/strong> <\/span><\/h3>\r\n<p>Destinatari: il titolare del sito web.<\/p>\r\n<p>Non \u00e8 previsto il trasferimento internazionale (al di fuori dello Spazio economico europeo), salvo che a fini di archiviazione e, in ogni caso, sulla base dell&#8217;esistenza di una decisione di adeguatezza, di garanzie adeguate, nonch\u00e9 di soggetti aderenti all&#8217;accordo Privacy Shield (<a href=\"http:\/\/www.privacyshield.gov\/\">http:\/\/www.privacyshield.gov<\/a>)<\/p>\r\n<h3><span style=\"color: #ffffff;\"><strong>Periodo di conservazione dei dati<\/strong> <\/span><\/h3>\r\n<p>Almeno per i periodi previsti dalla normativa vigente e, in ogni caso, fintantoch\u00e9 il consenso rimanga valido.<\/p>\r\n<h3><span style=\"color: #ffffff;\"><strong>Diritti delle persone<\/strong> <\/span><\/h3>\r\n<p>Gli interessati hanno il diritto di: accedere ai propri dati, rettificarli e cancellarli; richiedere la portabilit\u00e0 dei propri dati; opporsi al trattamento o richiederne la limitazione; revocare il consenso prestato, se del caso.<\/p>\r\n<p>A tal fine, \u00e8 possibile inviare la richiesta per iscritto o via e-mail all&#8217;indirizzo del responsabile, indicando in oggetto \u00abProtezione dei dati\u00bb.<\/p>\r\n<p>Per facilitare l&#8217;identificazione, raccomandiamo al titolare dei dati di allegare alla richiesta una copia della propria carta d&#8217;identit\u00e0 o del passaporto.<\/p>\r\n<p>Gli interessati possono inoltre presentare un reclamo all&#8217;Autorit\u00e0 di controllo per la protezione dei dati.<\/p>\r\n<h3><span style=\"color: #ffffff;\"><strong>Veridicit\u00e0 e aggiornamento dei dati<\/strong> <\/span><\/h3>\r\n<p>L&#8217;utente \u00e8 tenuto a compilare i moduli fornendo dati veritieri, esatti, completi e aggiornati. L&#8217;utente non inserir\u00e0 dati relativi ad altre persone. Il titolare del sito web presumer\u00e0 che i dati siano stati forniti dal titolare degli stessi. L&#8217;utente sar\u00e0 l&#8217;unico responsabile di qualsiasi danno o pregiudizio, diretto o indiretto, che possa causare a qualsiasi persona a causa della compilazione del modulo con dati falsi, inesatti, incompleti o non aggiornati o relativi a un&#8217;altra persona.<\/p>\r\n<p>L&#8217;utente \u00e8 tenuto a comunicare eventuali modifiche ai dati forniti, al fine di mantenerli debitamente aggiornati.<\/p>\r\n<h3><span style=\"color: #ffffff;\"><strong>Sicurezza delle informazioni<\/strong> <\/span><\/h3>\r\n<p>Il titolare del sito web ha adottato tutte le misure previste dalla legge per la protezione dei dati personali e ha inoltre messo in atto tutti i dispositivi tecnici a sua disposizione per prevenire la perdita, l&#8217;uso improprio, l&#8217;alterazione, l&#8217;accesso non autorizzato o il furto dei dati personali forniti dagli utenti del sito. L&#8217;utente dovr\u00e0 tuttavia tenere presente che le misure di sicurezza su Internet non sono assolutamente infallibili.<\/p>\r\n<h3><span style=\"color: #ffffff;\"><strong>Minori<\/strong> <\/span><\/h3>\r\n<p>Il titolare del sito web vieta l&#8217;utilizzo dei propri servizi web agli utenti di et\u00e0 inferiore ai 16 anni, salvo espressa autorizzazione dei genitori o dei tutori.<\/p>\r\n<h3><span style=\"color: #ffffff;\"><strong>Analisi dei dati web<\/strong> <\/span><\/h3>\r\n<p>Questo sito web utilizza diversi strumenti di analisi per comprendere in che modo viene cercato, visitato e utilizzato dal pubblico. Tali strumenti possono comportare la raccolta di dati personali quali, ad esempio, l&#8217;indirizzo IP, la posizione della connessione, informazioni sul software o sull&#8217;hardware di navigazione, ecc. Queste informazioni non vengono associate agli utenti e vengono utilizzate al solo scopo di ottenere dati statistici sull&#8217;utilizzo del sito web dell&#8217;azienda.<\/p>\r\n<h3><span style=\"color: #ffffff;\"><strong>Utilizzo di funzioni e componenti aggiuntivi di terze parti<\/strong> <\/span><\/h3>\r\n<p>Questo sito web pu\u00f2 integrare funzioni e componenti aggiuntivi forniti da terze parti per diverse finalit\u00e0, quali ad esempio: strumenti di analisi web di terze parti, mappe di terze parti, video di terze parti, condivisione sui social network, ecc.<\/p>\r\n<p>Una funzione o un&#8217;estensione di terze parti stabilisce una connessione diretta tra il browser dell&#8217;utente e i domini Internet controllati da tale terza parte, consentendo il download e l&#8217;esecuzione della funzione.<\/p>\r\n<p>Inoltre, la maggior parte dei plugin di terze parti raccoglie dati sulle pagine visitate dagli utenti per individuarne gli interessi e poter poi proporre pubblicit\u00e0 su misura.<\/p>\r\n<h3><span style=\"color: #ffffff;\"><strong>Utilizzo della funzione Google Analytics fornita da Google, Inc.<\/strong> <\/span><\/h3>\r\n<p>Questo sito web integra funzioni di analisi fornite da Google Inc. (1600 Amphitheatre Parkway, Mountain View, California, USA) per comprendere in che modo viene cercato, consultato e utilizzato dagli utenti. A tal fine, quando si utilizza questo sito web, il browser dell&#8217;utente stabilisce una connessione diretta con i server del dominio Internet google.com e altri domini di Google. Ci\u00f2 consente a Google di registrare l&#8217;attivit\u00e0 dell&#8217;utente e le informazioni relative al suo indirizzo IP. Google Analytics utilizza cookie persistenti per elaborare statistiche anonime sull&#8217;utilizzo di questo sito web, in conformit\u00e0 con la seguente informativa sulla privacy:\u00a0<a href=\"https:\/\/www.google.com\/analytics\/learn\/privacy.html?hl=es.\">https:\/\/www.google.com\/analytics\/learn\/privacy.html?hl=es.<\/a> Utilizzando questo sito web, l&#8217;utente acconsente al trattamento dei propri dati da parte di Google secondo le modalit\u00e0 e per le finalit\u00e0 indicate.<\/p>\r\n<h3><span style=\"color: #ffffff;\"> <strong>U<\/strong><strong>tilizzo delle funzioni fornite da Google, Inc.<\/strong> <\/span><\/h3>\r\n<p>Questo sito web integra funzionalit\u00e0 di Google Inc. (1600 Amphitheatre Parkway, Mountain View, California, USA), come ad esempio video di YouTube, mappe e pulsanti \u00ab+1\u00bb. A tal fine, durante l&#8217;utilizzo del sito web, il browser dell&#8217;utente stabilisce una connessione diretta con i server del dominio Internet google.com e altri domini di Google. Ci\u00f2 consente a Google di sapere che l&#8217;utente ha visitato il sito web tramite il suo indirizzo IP. Google utilizza cookie persistenti, archiviazione locale e archiviazione locale Flash sul dispositivo dell&#8217;utente per vari scopi, tra cui la raccolta dell&#8217;attivit\u00e0 dell&#8217;utente su Internet per offrirgli pubblicit\u00e0 personalizzata in base ai suoi interessi, in conformit\u00e0 con le sue politiche sulla privacy:\u00a0<a href=\"http:\/\/www.google.es\/intl\/es\/policies\/privacy\/\">http:\/\/www.google.es\/intl\/es\/policies\/privacy\/. <\/a>\u00a0Utilizzando questo sito web, l&#8217;utente acconsente al trattamento dei propri dati da parte di Google secondo le modalit\u00e0 e per le finalit\u00e0 indicate.<\/p>\r\n","protected":false},"excerpt":{"rendered":"<p>INFORMATIVA SULLA PRIVACY L&#8217;utilizzo di questo sito web e dei<\/p>\n","protected":false},"author":1,"featured_media":0,"parent":0,"menu_order":0,"comment_status":"closed","ping_status":"open","template":"","meta":{"_acf_changed":false,"footnotes":""},"class_list":["post-3360","page","type-page","status-publish","hentry"],"acf":[],"yoast_head":"<!-- This site is optimized with the Yoast SEO plugin v26.4 - https:\/\/yoast.com\/wordpress\/plugins\/seo\/ -->\n<title>Informativa sulla privacy - Cristian Perfumo<\/title>\n<meta name=\"robots\" content=\"index, follow, max-snippet:-1, max-image-preview:large, max-video-preview:-1\" \/>\n<link rel=\"canonical\" href=\"https:\/\/cristianperfumo.staging.dissenyweb.com\/it\/informativa-sulla-privacy\/\" \/>\n<meta property=\"og:locale\" content=\"it_IT\" \/>\n<meta property=\"og:type\" content=\"article\" \/>\n<meta property=\"og:title\" content=\"Informativa sulla privacy - Cristian Perfumo\" \/>\n<meta property=\"og:description\" content=\"INFORMATIVA SULLA PRIVACY L&#8217;utilizzo di questo sito web e dei\" \/>\n<meta property=\"og:url\" content=\"https:\/\/cristianperfumo.staging.dissenyweb.com\/it\/informativa-sulla-privacy\/\" \/>\n<meta property=\"og:site_name\" content=\"Cristian Perfumo\" \/>\n<meta property=\"article:modified_time\" content=\"2026-04-21T12:10:31+00:00\" \/>\n<meta name=\"twitter:card\" content=\"summary_large_image\" \/>\n<meta name=\"twitter:label1\" content=\"Tempo di lettura stimato\" \/>\n\t<meta name=\"twitter:data1\" content=\"5 minuti\" \/>\n<script type=\"application\/ld+json\" class=\"yoast-schema-graph\">{\"@context\":\"https:\/\/schema.org\",\"@graph\":[{\"@type\":\"WebPage\",\"@id\":\"https:\/\/cristianperfumo.staging.dissenyweb.com\/it\/informativa-sulla-privacy\/\",\"url\":\"https:\/\/cristianperfumo.staging.dissenyweb.com\/it\/informativa-sulla-privacy\/\",\"name\":\"Informativa sulla privacy - Cristian Perfumo\",\"isPartOf\":{\"@id\":\"https:\/\/cristianperfumo.staging.dissenyweb.com\/it\/#website\"},\"datePublished\":\"2024-01-10T13:15:16+00:00\",\"dateModified\":\"2026-04-21T12:10:31+00:00\",\"breadcrumb\":{\"@id\":\"https:\/\/cristianperfumo.staging.dissenyweb.com\/it\/informativa-sulla-privacy\/#breadcrumb\"},\"inLanguage\":\"it-IT\",\"potentialAction\":[{\"@type\":\"ReadAction\",\"target\":[\"https:\/\/cristianperfumo.staging.dissenyweb.com\/it\/informativa-sulla-privacy\/\"]}]},{\"@type\":\"BreadcrumbList\",\"@id\":\"https:\/\/cristianperfumo.staging.dissenyweb.com\/it\/informativa-sulla-privacy\/#breadcrumb\",\"itemListElement\":[{\"@type\":\"ListItem\",\"position\":1,\"name\":\"Portada\",\"item\":\"https:\/\/cristianperfumo.staging.dissenyweb.com\/it\/\"},{\"@type\":\"ListItem\",\"position\":2,\"name\":\"Informativa sulla privacy\"}]},{\"@type\":\"WebSite\",\"@id\":\"https:\/\/cristianperfumo.staging.dissenyweb.com\/it\/#website\",\"url\":\"https:\/\/cristianperfumo.staging.dissenyweb.com\/it\/\",\"name\":\"Cristian Perfumo\",\"description\":\"P\u00e1gina web de Cristian Perfumo, autor de novelas de misterio ambientadas en la Patagonia.\",\"potentialAction\":[{\"@type\":\"SearchAction\",\"target\":{\"@type\":\"EntryPoint\",\"urlTemplate\":\"https:\/\/cristianperfumo.staging.dissenyweb.com\/it\/?s={search_term_string}\"},\"query-input\":{\"@type\":\"PropertyValueSpecification\",\"valueRequired\":true,\"valueName\":\"search_term_string\"}}],\"inLanguage\":\"it-IT\"}]}<\/script>\n<!-- \/ Yoast SEO plugin. -->","yoast_head_json":{"title":"Informativa sulla privacy - Cristian Perfumo","robots":{"index":"index","follow":"follow","max-snippet":"max-snippet:-1","max-image-preview":"max-image-preview:large","max-video-preview":"max-video-preview:-1"},"canonical":"https:\/\/cristianperfumo.staging.dissenyweb.com\/it\/informativa-sulla-privacy\/","og_locale":"it_IT","og_type":"article","og_title":"Informativa sulla privacy - Cristian Perfumo","og_description":"INFORMATIVA SULLA PRIVACY L&#8217;utilizzo di questo sito web e dei","og_url":"https:\/\/cristianperfumo.staging.dissenyweb.com\/it\/informativa-sulla-privacy\/","og_site_name":"Cristian Perfumo","article_modified_time":"2026-04-21T12:10:31+00:00","twitter_card":"summary_large_image","twitter_misc":{"Tempo di lettura stimato":"5 minuti"},"schema":{"@context":"https:\/\/schema.org","@graph":[{"@type":"WebPage","@id":"https:\/\/cristianperfumo.staging.dissenyweb.com\/it\/informativa-sulla-privacy\/","url":"https:\/\/cristianperfumo.staging.dissenyweb.com\/it\/informativa-sulla-privacy\/","name":"Informativa sulla privacy - Cristian Perfumo","isPartOf":{"@id":"https:\/\/cristianperfumo.staging.dissenyweb.com\/it\/#website"},"datePublished":"2024-01-10T13:15:16+00:00","dateModified":"2026-04-21T12:10:31+00:00","breadcrumb":{"@id":"https:\/\/cristianperfumo.staging.dissenyweb.com\/it\/informativa-sulla-privacy\/#breadcrumb"},"inLanguage":"it-IT","potentialAction":[{"@type":"ReadAction","target":["https:\/\/cristianperfumo.staging.dissenyweb.com\/it\/informativa-sulla-privacy\/"]}]},{"@type":"BreadcrumbList","@id":"https:\/\/cristianperfumo.staging.dissenyweb.com\/it\/informativa-sulla-privacy\/#breadcrumb","itemListElement":[{"@type":"ListItem","position":1,"name":"Portada","item":"https:\/\/cristianperfumo.staging.dissenyweb.com\/it\/"},{"@type":"ListItem","position":2,"name":"Informativa sulla privacy"}]},{"@type":"WebSite","@id":"https:\/\/cristianperfumo.staging.dissenyweb.com\/it\/#website","url":"https:\/\/cristianperfumo.staging.dissenyweb.com\/it\/","name":"Cristian Perfumo","description":"P\u00e1gina web de Cristian Perfumo, autor de novelas de misterio ambientadas en la Patagonia.","potentialAction":[{"@type":"SearchAction","target":{"@type":"EntryPoint","urlTemplate":"https:\/\/cristianperfumo.staging.dissenyweb.com\/it\/?s={search_term_string}"},"query-input":{"@type":"PropertyValueSpecification","valueRequired":true,"valueName":"search_term_string"}}],"inLanguage":"it-IT"}]}},"_links":{"self":[{"href":"https:\/\/cristianperfumo.staging.dissenyweb.com\/it\/wp-json\/wp\/v2\/pages\/3360","targetHints":{"allow":["GET"]}}],"collection":[{"href":"https:\/\/cristianperfumo.staging.dissenyweb.com\/it\/wp-json\/wp\/v2\/pages"}],"about":[{"href":"https:\/\/cristianperfumo.staging.dissenyweb.com\/it\/wp-json\/wp\/v2\/types\/page"}],"author":[{"embeddable":true,"href":"https:\/\/cristianperfumo.staging.dissenyweb.com\/it\/wp-json\/wp\/v2\/users\/1"}],"replies":[{"embeddable":true,"href":"https:\/\/cristianperfumo.staging.dissenyweb.com\/it\/wp-json\/wp\/v2\/comments?post=3360"}],"version-history":[{"count":5,"href":"https:\/\/cristianperfumo.staging.dissenyweb.com\/it\/wp-json\/wp\/v2\/pages\/3360\/revisions"}],"predecessor-version":[{"id":3440,"href":"https:\/\/cristianperfumo.staging.dissenyweb.com\/it\/wp-json\/wp\/v2\/pages\/3360\/revisions\/3440"}],"wp:attachment":[{"href":"https:\/\/cristianperfumo.staging.dissenyweb.com\/it\/wp-json\/wp\/v2\/media?parent=3360"}],"curies":[{"name":"wp","href":"https:\/\/api.w.org\/{rel}","templated":true}]}}