{"id":2126,"date":"2019-09-07T09:11:00","date_gmt":"2019-09-07T09:11:00","guid":{"rendered":"https:\/\/cristianperfumo.staging.dissenyweb.com\/?page_id=2126"},"modified":"2026-01-20T19:52:53","modified_gmt":"2026-01-20T19:52:53","slug":"bio","status":"publish","type":"page","link":"https:\/\/cristianperfumo.staging.dissenyweb.com\/it\/bio\/","title":{"rendered":"Bio"},"content":{"rendered":"<div class=\"fusion-fullwidth fullwidth-box fusion-builder-row-1 fusion-flex-container has-pattern-background has-mask-background nonhundred-percent-fullwidth non-hundred-percent-height-scrolling fusion-custom-z-index\" style=\"--awb-border-radius-top-left:0px;--awb-border-radius-top-right:0px;--awb-border-radius-bottom-right:0px;--awb-border-radius-bottom-left:0px;--awb-z-index:99;--awb-padding-top:50px;--awb-padding-bottom:50px;--awb-padding-top-medium:30px;--awb-padding-bottom-medium:30px;--awb-padding-top-small:20px;--awb-padding-bottom-small:20px;--awb-background-color:var(--awb-color6);--awb-flex-wrap:wrap;\" ><div class=\"fusion-builder-row fusion-row fusion-flex-align-items-flex-start fusion-flex-content-wrap\" style=\"max-width:1144px;margin-left: calc(-4% \/ 2 );margin-right: calc(-4% \/ 2 );\"><div class=\"fusion-layout-column fusion_builder_column fusion-builder-column-0 fusion_builder_column_1_1 1_1 fusion-flex-column\" style=\"--awb-padding-top:40px;--awb-padding-bottom:60px;--awb-padding-top-medium:30px;--awb-padding-bottom-medium:50px;--awb-padding-top-small:0px;--awb-padding-bottom-small:0px;--awb-bg-blend:overlay;--awb-bg-size:cover;--awb-width-large:100%;--awb-margin-top-large:0px;--awb-spacing-right-large:1.92%;--awb-margin-bottom-large:0px;--awb-spacing-left-large:1.92%;--awb-width-medium:100%;--awb-order-medium:0;--awb-spacing-right-medium:1.92%;--awb-spacing-left-medium:1.92%;--awb-width-small:100%;--awb-order-small:0;--awb-spacing-right-small:1.92%;--awb-spacing-left-small:1.92%;\" data-scroll-devices=\"small-visibility,medium-visibility,large-visibility\"><div class=\"fusion-column-wrapper fusion-column-has-shadow fusion-flex-justify-content-flex-start fusion-content-layout-column\"><div class=\"fusion-title title fusion-title-1 fusion-sep-none fusion-title-center fusion-title-text fusion-title-size-one\" style=\"--awb-text-color:var(--awb-color1);--awb-margin-top-small:0px;--awb-margin-bottom-small:0px;\"><h1 class=\"fusion-title-heading title-heading-center fusion-responsive-typography-calculated\" style=\"margin:0;text-transform:uppercase;--fontSize:55;line-height:var(--awb-typography1-line-height);\">Sull&#8217;autore<\/h1><\/div><div class=\"fusion-separator\" style=\"align-self: center;margin-left: auto;margin-right: auto;margin-top:10px;margin-bottom:30px;width:100%;max-width:15%;\"><div class=\"fusion-separator-border sep-single sep-solid\" style=\"--awb-height:20px;--awb-amount:20px;--awb-sep-color:var(--awb-color1);border-color:var(--awb-color1);border-top-width:2px;\"><\/div><\/div><\/div><\/div><div class=\"fusion-layout-column fusion_builder_column fusion-builder-column-1 fusion_builder_column_2_5 2_5 fusion-flex-column\" style=\"--awb-bg-size:cover;--awb-width-large:40%;--awb-margin-top-large:0px;--awb-spacing-right-large:4.8%;--awb-margin-bottom-large:0px;--awb-spacing-left-large:4.8%;--awb-width-medium:100%;--awb-order-medium:0;--awb-spacing-right-medium:1.92%;--awb-spacing-left-medium:1.92%;--awb-width-small:100%;--awb-order-small:0;--awb-spacing-right-small:1.92%;--awb-spacing-left-small:1.92%;\"><div class=\"fusion-column-wrapper fusion-column-has-shadow fusion-flex-justify-content-flex-start fusion-content-layout-column\"><div class=\"fusion-image-element \" style=\"--awb-caption-title-font-family:var(--h2_typography-font-family);--awb-caption-title-font-weight:var(--h2_typography-font-weight);--awb-caption-title-font-style:var(--h2_typography-font-style);--awb-caption-title-size:var(--h2_typography-font-size);--awb-caption-title-transform:var(--h2_typography-text-transform);--awb-caption-title-line-height:var(--h2_typography-line-height);--awb-caption-title-letter-spacing:var(--h2_typography-letter-spacing);\"><span class=\" fusion-imageframe imageframe-none imageframe-1 hover-type-none\"><img decoding=\"async\" width=\"862\" height=\"936\" title=\"Cristian_5\" src=\"data:image\/svg+xml,%3Csvg%20xmlns%3D%27http%3A%2F%2Fwww.w3.org%2F2000%2Fsvg%27%20width%3D%27862%27%20height%3D%27936%27%20viewBox%3D%270%200%20862%20936%27%3E%3Crect%20width%3D%27862%27%20height%3D%27936%27%20fill-opacity%3D%220%22%2F%3E%3C%2Fsvg%3E\" data-orig-src=\"https:\/\/cristianperfumo.staging.dissenyweb.com\/wp-content\/uploads\/2025\/12\/Cristian_5-e1768817293767.jpg\" alt class=\"lazyload img-responsive wp-image-2125\"\/><\/span><\/div><\/div><\/div><div class=\"fusion-layout-column fusion_builder_column fusion-builder-column-2 fusion_builder_column_3_5 3_5 fusion-flex-column fusion-no-small-visibility fusion-no-medium-visibility\" style=\"--awb-padding-bottom:60px;--awb-bg-blend:overlay;--awb-bg-size:cover;--awb-width-large:60%;--awb-margin-top-large:0px;--awb-spacing-right-large:3.2%;--awb-margin-bottom-large:0px;--awb-spacing-left-large:3.2%;--awb-width-medium:100%;--awb-spacing-right-medium:1.92%;--awb-spacing-left-medium:1.92%;--awb-width-small:100%;--awb-spacing-right-small:1.92%;--awb-spacing-left-small:1.92%;\"><div class=\"fusion-column-wrapper fusion-column-has-shadow fusion-flex-justify-content-flex-start fusion-content-layout-column\"><div class=\"fusion-text fusion-text-1\" style=\"--awb-text-color:hsla(var(--awb-color2-h),var(--awb-color2-s),calc(var(--awb-color2-l) + 10%),var(--awb-color2-a));\"><p>Cristian Perfumo scrive <em>thriller <\/em>ambientati nella Patagonia argentina, dove \u00e8 cresciuto.<\/p>\n<p><em>Il collezionista di frecce <\/em>(2017) ha vinto l\u2019Amazon Literary Prize, per il quale sono state presentate oltre 1800 opere di autori provenienti da 39 Paesi, ed \u00e8 in fase di adattamento per lo schermo.<\/p>\n<p><em>Rescate gris (<\/em>2018) \u00e8 stato finalista del Premio Clar\u00edn de Novela 2018, uno dei pi\u00f9 importanti premi letterari dell\u2019America Latina.<\/p>\n<p>I suoi libri sono stati tradotti in tedesco, inglese, francese e polacco e pubblicati in formato audiobook e Braille.<\/p>\n<p>Dopo aver vissuto per anni in Australia, attualmente Cristian abita a Barcellona.<\/p>\n<\/div><\/div><\/div><\/div><\/div>\n","protected":false},"excerpt":{"rendered":"","protected":false},"author":1,"featured_media":0,"parent":0,"menu_order":0,"comment_status":"closed","ping_status":"closed","template":"100-width.php","meta":{"_acf_changed":false,"footnotes":""},"class_list":["post-2126","page","type-page","status-publish","hentry"],"acf":[],"yoast_head":"<!-- This site is optimized with the Yoast SEO plugin v26.4 - https:\/\/yoast.com\/wordpress\/plugins\/seo\/ -->\n<title>Bio - Cristian Perfumo<\/title>\n<meta name=\"robots\" content=\"index, follow, max-snippet:-1, max-image-preview:large, max-video-preview:-1\" \/>\n<link rel=\"canonical\" href=\"https:\/\/cristianperfumo.staging.dissenyweb.com\/it\/bio\/\" \/>\n<meta property=\"og:locale\" content=\"it_IT\" \/>\n<meta property=\"og:type\" content=\"article\" \/>\n<meta property=\"og:title\" content=\"Bio - Cristian Perfumo\" \/>\n<meta property=\"og:url\" content=\"https:\/\/cristianperfumo.staging.dissenyweb.com\/it\/bio\/\" \/>\n<meta property=\"og:site_name\" content=\"Cristian Perfumo\" \/>\n<meta property=\"article:modified_time\" content=\"2026-01-20T19:52:53+00:00\" \/>\n<meta name=\"twitter:card\" content=\"summary_large_image\" \/>\n<meta name=\"twitter:label1\" content=\"Tempo di lettura stimato\" \/>\n\t<meta name=\"twitter:data1\" content=\"1 minuto\" \/>\n<script type=\"application\/ld+json\" class=\"yoast-schema-graph\">{\"@context\":\"https:\/\/schema.org\",\"@graph\":[{\"@type\":\"WebPage\",\"@id\":\"https:\/\/cristianperfumo.staging.dissenyweb.com\/it\/bio\/\",\"url\":\"https:\/\/cristianperfumo.staging.dissenyweb.com\/it\/bio\/\",\"name\":\"Bio - Cristian Perfumo\",\"isPartOf\":{\"@id\":\"https:\/\/cristianperfumo.staging.dissenyweb.com\/it\/#website\"},\"datePublished\":\"2019-09-07T09:11:00+00:00\",\"dateModified\":\"2026-01-20T19:52:53+00:00\",\"breadcrumb\":{\"@id\":\"https:\/\/cristianperfumo.staging.dissenyweb.com\/it\/bio\/#breadcrumb\"},\"inLanguage\":\"it-IT\",\"potentialAction\":[{\"@type\":\"ReadAction\",\"target\":[\"https:\/\/cristianperfumo.staging.dissenyweb.com\/it\/bio\/\"]}]},{\"@type\":\"BreadcrumbList\",\"@id\":\"https:\/\/cristianperfumo.staging.dissenyweb.com\/it\/bio\/#breadcrumb\",\"itemListElement\":[{\"@type\":\"ListItem\",\"position\":1,\"name\":\"Portada\",\"item\":\"https:\/\/cristianperfumo.staging.dissenyweb.com\/it\/\"},{\"@type\":\"ListItem\",\"position\":2,\"name\":\"Bio\"}]},{\"@type\":\"WebSite\",\"@id\":\"https:\/\/cristianperfumo.staging.dissenyweb.com\/it\/#website\",\"url\":\"https:\/\/cristianperfumo.staging.dissenyweb.com\/it\/\",\"name\":\"Cristian Perfumo\",\"description\":\"P\u00e1gina web de Cristian Perfumo, autor de novelas de misterio ambientadas en la Patagonia.\",\"potentialAction\":[{\"@type\":\"SearchAction\",\"target\":{\"@type\":\"EntryPoint\",\"urlTemplate\":\"https:\/\/cristianperfumo.staging.dissenyweb.com\/it\/?s={search_term_string}\"},\"query-input\":{\"@type\":\"PropertyValueSpecification\",\"valueRequired\":true,\"valueName\":\"search_term_string\"}}],\"inLanguage\":\"it-IT\"}]}<\/script>\n<!-- \/ Yoast SEO plugin. -->","yoast_head_json":{"title":"Bio - Cristian Perfumo","robots":{"index":"index","follow":"follow","max-snippet":"max-snippet:-1","max-image-preview":"max-image-preview:large","max-video-preview":"max-video-preview:-1"},"canonical":"https:\/\/cristianperfumo.staging.dissenyweb.com\/it\/bio\/","og_locale":"it_IT","og_type":"article","og_title":"Bio - Cristian Perfumo","og_url":"https:\/\/cristianperfumo.staging.dissenyweb.com\/it\/bio\/","og_site_name":"Cristian Perfumo","article_modified_time":"2026-01-20T19:52:53+00:00","twitter_card":"summary_large_image","twitter_misc":{"Tempo di lettura stimato":"1 minuto"},"schema":{"@context":"https:\/\/schema.org","@graph":[{"@type":"WebPage","@id":"https:\/\/cristianperfumo.staging.dissenyweb.com\/it\/bio\/","url":"https:\/\/cristianperfumo.staging.dissenyweb.com\/it\/bio\/","name":"Bio - Cristian Perfumo","isPartOf":{"@id":"https:\/\/cristianperfumo.staging.dissenyweb.com\/it\/#website"},"datePublished":"2019-09-07T09:11:00+00:00","dateModified":"2026-01-20T19:52:53+00:00","breadcrumb":{"@id":"https:\/\/cristianperfumo.staging.dissenyweb.com\/it\/bio\/#breadcrumb"},"inLanguage":"it-IT","potentialAction":[{"@type":"ReadAction","target":["https:\/\/cristianperfumo.staging.dissenyweb.com\/it\/bio\/"]}]},{"@type":"BreadcrumbList","@id":"https:\/\/cristianperfumo.staging.dissenyweb.com\/it\/bio\/#breadcrumb","itemListElement":[{"@type":"ListItem","position":1,"name":"Portada","item":"https:\/\/cristianperfumo.staging.dissenyweb.com\/it\/"},{"@type":"ListItem","position":2,"name":"Bio"}]},{"@type":"WebSite","@id":"https:\/\/cristianperfumo.staging.dissenyweb.com\/it\/#website","url":"https:\/\/cristianperfumo.staging.dissenyweb.com\/it\/","name":"Cristian Perfumo","description":"P\u00e1gina web de Cristian Perfumo, autor de novelas de misterio ambientadas en la Patagonia.","potentialAction":[{"@type":"SearchAction","target":{"@type":"EntryPoint","urlTemplate":"https:\/\/cristianperfumo.staging.dissenyweb.com\/it\/?s={search_term_string}"},"query-input":{"@type":"PropertyValueSpecification","valueRequired":true,"valueName":"search_term_string"}}],"inLanguage":"it-IT"}]}},"_links":{"self":[{"href":"https:\/\/cristianperfumo.staging.dissenyweb.com\/it\/wp-json\/wp\/v2\/pages\/2126","targetHints":{"allow":["GET"]}}],"collection":[{"href":"https:\/\/cristianperfumo.staging.dissenyweb.com\/it\/wp-json\/wp\/v2\/pages"}],"about":[{"href":"https:\/\/cristianperfumo.staging.dissenyweb.com\/it\/wp-json\/wp\/v2\/types\/page"}],"author":[{"embeddable":true,"href":"https:\/\/cristianperfumo.staging.dissenyweb.com\/it\/wp-json\/wp\/v2\/users\/1"}],"replies":[{"embeddable":true,"href":"https:\/\/cristianperfumo.staging.dissenyweb.com\/it\/wp-json\/wp\/v2\/comments?post=2126"}],"version-history":[{"count":10,"href":"https:\/\/cristianperfumo.staging.dissenyweb.com\/it\/wp-json\/wp\/v2\/pages\/2126\/revisions"}],"predecessor-version":[{"id":2659,"href":"https:\/\/cristianperfumo.staging.dissenyweb.com\/it\/wp-json\/wp\/v2\/pages\/2126\/revisions\/2659"}],"wp:attachment":[{"href":"https:\/\/cristianperfumo.staging.dissenyweb.com\/it\/wp-json\/wp\/v2\/media?parent=2126"}],"curies":[{"name":"wp","href":"https:\/\/api.w.org\/{rel}","templated":true}]}}