{"id":3365,"date":"2026-04-20T15:46:48","date_gmt":"2026-04-20T15:46:48","guid":{"rendered":"https:\/\/cristianperfumo.staging.dissenyweb.com\/avis-juridique\/"},"modified":"2026-04-21T11:02:02","modified_gmt":"2026-04-21T11:02:02","slug":"avis-juridique","status":"publish","type":"page","link":"https:\/\/cristianperfumo.staging.dissenyweb.com\/fr\/avis-juridique\/","title":{"rendered":"Avis juridique"},"content":{"rendered":"<h1>AVIS JURIDIQUE<\/h1>\n<h3><span style=\"color: #ffffff;\"><strong>Propri\u00e9taire du site web et coordonn\u00e9es<\/strong><\/span><\/h3>\n<p>www.cristianperfumo.com est un nom de domaine Internet appartenant \u00e0 CRISTIAN PERFUMO, titulaire du <span style=\"color: #ff0000;\">CIF\/NIF XXXXXXX<\/span> et domicili\u00e9 \u00e0 <span style=\"color: #ff0000;\">xxxxxxxxxxxx.<\/span><\/p>\n<p>L&rsquo;objectif de ce site web est de fournir des informations commerciales sur les produits que nous distribuons, ainsi que d&rsquo;offrir un moyen de contact aux clients potentiels ou existants par le biais de ce site.<\/p>\n<p>Vous pouvez nous contacter :<\/p>\n<ul>\n<li>Par t\u00e9l\u00e9phone, au num\u00e9ro\u00a0<span style=\"color: #ff0000;\">XXXXXXX<\/span><\/li>\n<li>Par e-mail, en \u00e9crivant \u00e0 <a href=\"mailto:cristian@cristianperfumo.com\" rel=\"noopener\">cristian@cristianperfumo.com.<\/a><\/li>\n<li>Par \u00e9crit, \u00e0 l&rsquo;attention de CRISTIAN PERFUMO, rue <span style=\"color: #ff0000;\">xxxxxxxxx, Barcelone.<\/span><\/li>\n<\/ul>\n<p>Pour toute question, n&rsquo;h\u00e9sitez pas \u00e0 contacter CRISTIAN PERFUMO, ci-apr\u00e8s d\u00e9nomm\u00e9 \u00ab le propri\u00e9taire du site web \u00bb.<\/p>\n<h3><span style=\"color: #ffffff;\"><strong>Conditions d&rsquo;utilisation du site web<\/strong><\/span><\/h3>\n<p>Les pr\u00e9sentes conditions d&rsquo;utilisation r\u00e9gissent l&rsquo;acc\u00e8s \u00e0 ce site web par les clients du propri\u00e9taire du site et les autres internautes. Du simple fait de l&rsquo;utilisation de ce site web, l&rsquo;utilisateur d\u00e9clare accepter sans r\u00e9serve les pr\u00e9sentes conditions d&rsquo;utilisation.<\/p>\n<p>Le propri\u00e9taire du site se r\u00e9serve le droit de modifier unilat\u00e9ralement les pr\u00e9sentes conditions d&rsquo;acc\u00e8s au site, ainsi que les contenus qui y figurent.<\/p>\n<h3><span style=\"color: #ffffff;\"><strong>Limitation et exclusion de responsabilit\u00e9<\/strong><\/span><\/h3>\n<p>Le contenu de ce site web est de nature g\u00e9n\u00e9rale et a un but et des effets purement informatifs. Le propri\u00e9taire du site d\u00e9cline toute responsabilit\u00e9 quant aux informations qui n&rsquo;ont pas \u00e9t\u00e9 \u00e9labor\u00e9es par lui ou publi\u00e9es en son nom sans son autorisation, ainsi que toute responsabilit\u00e9 d\u00e9coulant d&rsquo;une mauvaise utilisation des contenus par des tiers.<\/p>\n<p>L&rsquo;utilisateur d\u00e9gage le propri\u00e9taire du site web de toute responsabilit\u00e9 pouvant d\u00e9couler d&rsquo;interruptions dans la disponibilit\u00e9 du site web, qu&rsquo;elles soient dues \u00e0 un dysfonctionnement du serveur web ou des applications, des infrastructures de communication, ou encore des logiciels et du mat\u00e9riel utilis\u00e9s pour la navigation.<\/p>\n<p>En cas d&rsquo;inclusion de liens vers d&rsquo;autres sites web, le propri\u00e9taire du site d\u00e9cline toute responsabilit\u00e9 quant \u00e0 l&rsquo;acc\u00e8s et \u00e0 l&rsquo;utilisation de ces liens.<\/p>\n<h3><span style=\"color: #ffffff;\"><strong>Propri\u00e9t\u00e9 intellectuelle et industrielle<\/strong><\/span><\/h3>\n<p>L&rsquo;ensemble de ce site web est prot\u00e9g\u00e9 par les lois sur la propri\u00e9t\u00e9 intellectuelle et industrielle. Sauf indication contraire, les droits de propri\u00e9t\u00e9 intellectuelle sur ces contenus appartiennent exclusivement au propri\u00e9taire du site web. L&rsquo;utilisateur reconna\u00eet que l&rsquo;utilisation des contenus est strictement limit\u00e9e \u00e0 ses fins personnelles et que la reproduction, la distribution, la communication ou la transformation non express\u00e9ment autoris\u00e9es de ces \u0153uvres constituent une violation des droits de propri\u00e9t\u00e9 intellectuelle.<\/p>\n<p>De m\u00eame, l&rsquo;utilisateur s&rsquo;abstiendra d&rsquo;utiliser les contenus et, en particulier, les informations de toute nature obtenues par le biais du site web pour envoyer de la publicit\u00e9, des communications \u00e0 des fins de vente directe ou \u00e0 toute autre fin commerciale, ainsi que des messages non sollicit\u00e9s adress\u00e9s \u00e0 un grand nombre de personnes, quelle qu&rsquo;en soit la finalit\u00e9. Il s&rsquo;abstiendra \u00e9galement de commercialiser ou de divulguer de quelque mani\u00e8re que ce soit ces informations.<\/p>\n<p>www.cristianperfumo.com est un nom de domaine appartenant au propri\u00e9taire du site web. Il ne peut \u00eatre utilis\u00e9, sauf autorisation expresse pr\u00e9alable, en relation avec d&rsquo;autres produits ou services n&rsquo;appartenant pas au propri\u00e9taire du site web, d&rsquo;une mani\u00e8re susceptible de semer la confusion chez nos clients ou de nuire \u00e0 la r\u00e9putation du propri\u00e9taire du site web.<\/p>\n<h3><span style=\"color: #ffffff;\"><strong>Politique relative aux liens vers ce site web<\/strong><\/span><\/h3>\n<p>Si un utilisateur, une entit\u00e9 ou un site web souhaite cr\u00e9er un lien vers ce site, il doit en demander l&rsquo;autorisation pr\u00e9alable par \u00e9crit avant de proc\u00e9der \u00e0 la mise en place du lien.<\/p>\n<p>De plus, seuls les liens vers la page d&rsquo;accueil du site sont autoris\u00e9s. Le lien doit \u00eatre absolu et complet, c&rsquo;est-\u00e0-dire qu&rsquo;il doit diriger l&rsquo;utilisateur vers l&rsquo;adresse m\u00eame du propri\u00e9taire du site, en occupant toute la surface de l&rsquo;\u00e9cran de la page contenant le lien. En aucun cas, sauf autorisation expresse et \u00e9crite du propri\u00e9taire du site web, la page qui \u00e9tablit le lien ne pourra reproduire de quelque mani\u00e8re que ce soit le site web du propri\u00e9taire, ni l&rsquo;inclure dans son propre site web ou dans l&rsquo;un de ses cadres sur l&rsquo;une des pages ou l&rsquo;un des contenus du pr\u00e9sent site web.<\/p>\n<p>Aucune information fausse, inexacte ou erron\u00e9e ne sera incluse sur les pages de ce site web ou concernant les services qui y sont propos\u00e9s.<\/p>\n<p>Le lien ne contiendra aucune marque, aucun nom commercial, aucune enseigne, aucune d\u00e9nomination, aucun logo, aucun slogan ni aucun autre signe distinctif appartenant au propri\u00e9taire du site web.<\/p>\n<p>En aucun cas, le propri\u00e9taire du site web ne saurait \u00eatre tenu responsable des contenus ou des services mis \u00e0 la disposition du public sur le site web \u00e0 partir duquel le lien hypertexte est \u00e9tabli, ni des informations ou d\u00e9clarations qui y figurent.<\/p>\n<h3><span style=\"color: #ffffff;\"><strong>Protection des donn\u00e9es personnelles<\/strong><\/span><\/h3>\n<p>L&rsquo;utilisation de ce site web et de ses formulaires implique l&rsquo;acceptation du traitement des donn\u00e9es de l&rsquo;utilisateur conform\u00e9ment \u00e0 notre politique de confidentialit\u00e9, y compris la collecte des donn\u00e9es d&rsquo;acc\u00e8s et l&rsquo;envoi d&rsquo;informations commerciales par voie \u00e9lectronique.<\/p>\n<p>Veuillez lire attentivement notre politique de confidentialit\u00e9 pour savoir comment nous utilisons les donn\u00e9es des utilisateurs et comment exercer vos droits d&rsquo;acc\u00e8s, de rectification, de suppression et d&rsquo;opposition.<\/p>\n<h3><span style=\"color: #ffffff;\"><strong>Cookies<\/strong><\/span><\/h3>\n<p>Ce site web utilise des cookies propres et de tiers \u00e0 diverses fins, notamment \u00e0 des fins d&rsquo;analyse et pour proposer des publicit\u00e9s adapt\u00e9es aux centres d&rsquo;int\u00e9r\u00eat de l&rsquo;utilisateur. Le simple fait d&rsquo;utiliser ce site web avec les cookies activ\u00e9s dans votre navigateur implique que vous acceptez leur traitement conform\u00e9ment \u00e0 notre politique en mati\u00e8re de cookies.<\/p>\n<p>Veuillez lire attentivement notre politique en mati\u00e8re de cookies pour conna\u00eetre les types de cookies utilis\u00e9s, ainsi que la mani\u00e8re de les bloquer et de les supprimer dans votre navigateur.<\/p>\n<h3><span style=\"color: #ffffff;\"><strong>Pr\u00e9valence de la version espagnole<\/strong><\/span><\/h3>\n<p>Si la pr\u00e9sente mention l\u00e9gale est traduite dans d&rsquo;autres langues, en cas de divergence, la version espagnole pr\u00e9vaudra.<\/p>\n<h3><span style=\"color: #ffffff;\"><strong>L\u00e9gislation et juridiction applicable<\/strong><\/span><\/h3>\n<p>Les pr\u00e9sentes mentions l\u00e9gales ainsi que les relations entre le propri\u00e9taire du site web et les utilisateurs sont r\u00e9gies par la l\u00e9gislation espagnole en vigueur ; tout litige sera soumis aux tribunaux de BARCELONE, sauf dans le cas des consommateurs et des utilisateurs, pour lesquels s&rsquo;appliquera la comp\u00e9tence obligatoire des tribunaux correspondant \u00e0 leur lieu de r\u00e9sidence.<\/p>\n","protected":false},"excerpt":{"rendered":"<p>AVIS JURIDIQUE Propri\u00e9taire du site web et coordonn\u00e9es www.cristianperfumo.com est<\/p>\n","protected":false},"author":2,"featured_media":0,"parent":0,"menu_order":0,"comment_status":"closed","ping_status":"closed","template":"","meta":{"_acf_changed":false,"footnotes":""},"class_list":["post-3365","page","type-page","status-publish","hentry"],"acf":[],"yoast_head":"<!-- This site is optimized with the Yoast SEO plugin v26.4 - https:\/\/yoast.com\/wordpress\/plugins\/seo\/ -->\n<title>Avis juridique - Cristian Perfumo<\/title>\n<meta name=\"robots\" content=\"index, follow, max-snippet:-1, max-image-preview:large, max-video-preview:-1\" \/>\n<link rel=\"canonical\" href=\"https:\/\/cristianperfumo.staging.dissenyweb.com\/fr\/avis-juridique\/\" \/>\n<meta property=\"og:locale\" content=\"fr_FR\" \/>\n<meta property=\"og:type\" content=\"article\" \/>\n<meta property=\"og:title\" content=\"Avis juridique - Cristian Perfumo\" \/>\n<meta property=\"og:description\" content=\"AVIS JURIDIQUE Propri\u00e9taire du site web et coordonn\u00e9es www.cristianperfumo.com est\" \/>\n<meta property=\"og:url\" content=\"https:\/\/cristianperfumo.staging.dissenyweb.com\/fr\/avis-juridique\/\" \/>\n<meta property=\"og:site_name\" content=\"Cristian Perfumo\" \/>\n<meta property=\"article:modified_time\" content=\"2026-04-21T11:02:02+00:00\" \/>\n<meta name=\"twitter:card\" content=\"summary_large_image\" \/>\n<meta name=\"twitter:label1\" content=\"Dur\u00e9e de lecture estim\u00e9e\" \/>\n\t<meta name=\"twitter:data1\" content=\"5 minutes\" \/>\n<script type=\"application\/ld+json\" class=\"yoast-schema-graph\">{\"@context\":\"https:\/\/schema.org\",\"@graph\":[{\"@type\":\"WebPage\",\"@id\":\"https:\/\/cristianperfumo.staging.dissenyweb.com\/fr\/avis-juridique\/\",\"url\":\"https:\/\/cristianperfumo.staging.dissenyweb.com\/fr\/avis-juridique\/\",\"name\":\"Avis juridique - Cristian Perfumo\",\"isPartOf\":{\"@id\":\"https:\/\/cristianperfumo.staging.dissenyweb.com\/fr\/#website\"},\"datePublished\":\"2026-04-20T15:46:48+00:00\",\"dateModified\":\"2026-04-21T11:02:02+00:00\",\"breadcrumb\":{\"@id\":\"https:\/\/cristianperfumo.staging.dissenyweb.com\/fr\/avis-juridique\/#breadcrumb\"},\"inLanguage\":\"fr-FR\",\"potentialAction\":[{\"@type\":\"ReadAction\",\"target\":[\"https:\/\/cristianperfumo.staging.dissenyweb.com\/fr\/avis-juridique\/\"]}]},{\"@type\":\"BreadcrumbList\",\"@id\":\"https:\/\/cristianperfumo.staging.dissenyweb.com\/fr\/avis-juridique\/#breadcrumb\",\"itemListElement\":[{\"@type\":\"ListItem\",\"position\":1,\"name\":\"Portada\",\"item\":\"https:\/\/cristianperfumo.staging.dissenyweb.com\/fr\/\"},{\"@type\":\"ListItem\",\"position\":2,\"name\":\"Avis juridique\"}]},{\"@type\":\"WebSite\",\"@id\":\"https:\/\/cristianperfumo.staging.dissenyweb.com\/fr\/#website\",\"url\":\"https:\/\/cristianperfumo.staging.dissenyweb.com\/fr\/\",\"name\":\"Cristian Perfumo\",\"description\":\"P\u00e1gina web de Cristian Perfumo, autor de novelas de misterio ambientadas en la Patagonia.\",\"potentialAction\":[{\"@type\":\"SearchAction\",\"target\":{\"@type\":\"EntryPoint\",\"urlTemplate\":\"https:\/\/cristianperfumo.staging.dissenyweb.com\/fr\/?s={search_term_string}\"},\"query-input\":{\"@type\":\"PropertyValueSpecification\",\"valueRequired\":true,\"valueName\":\"search_term_string\"}}],\"inLanguage\":\"fr-FR\"}]}<\/script>\n<!-- \/ Yoast SEO plugin. -->","yoast_head_json":{"title":"Avis juridique - Cristian Perfumo","robots":{"index":"index","follow":"follow","max-snippet":"max-snippet:-1","max-image-preview":"max-image-preview:large","max-video-preview":"max-video-preview:-1"},"canonical":"https:\/\/cristianperfumo.staging.dissenyweb.com\/fr\/avis-juridique\/","og_locale":"fr_FR","og_type":"article","og_title":"Avis juridique - Cristian Perfumo","og_description":"AVIS JURIDIQUE Propri\u00e9taire du site web et coordonn\u00e9es www.cristianperfumo.com est","og_url":"https:\/\/cristianperfumo.staging.dissenyweb.com\/fr\/avis-juridique\/","og_site_name":"Cristian Perfumo","article_modified_time":"2026-04-21T11:02:02+00:00","twitter_card":"summary_large_image","twitter_misc":{"Dur\u00e9e de lecture estim\u00e9e":"5 minutes"},"schema":{"@context":"https:\/\/schema.org","@graph":[{"@type":"WebPage","@id":"https:\/\/cristianperfumo.staging.dissenyweb.com\/fr\/avis-juridique\/","url":"https:\/\/cristianperfumo.staging.dissenyweb.com\/fr\/avis-juridique\/","name":"Avis juridique - Cristian Perfumo","isPartOf":{"@id":"https:\/\/cristianperfumo.staging.dissenyweb.com\/fr\/#website"},"datePublished":"2026-04-20T15:46:48+00:00","dateModified":"2026-04-21T11:02:02+00:00","breadcrumb":{"@id":"https:\/\/cristianperfumo.staging.dissenyweb.com\/fr\/avis-juridique\/#breadcrumb"},"inLanguage":"fr-FR","potentialAction":[{"@type":"ReadAction","target":["https:\/\/cristianperfumo.staging.dissenyweb.com\/fr\/avis-juridique\/"]}]},{"@type":"BreadcrumbList","@id":"https:\/\/cristianperfumo.staging.dissenyweb.com\/fr\/avis-juridique\/#breadcrumb","itemListElement":[{"@type":"ListItem","position":1,"name":"Portada","item":"https:\/\/cristianperfumo.staging.dissenyweb.com\/fr\/"},{"@type":"ListItem","position":2,"name":"Avis juridique"}]},{"@type":"WebSite","@id":"https:\/\/cristianperfumo.staging.dissenyweb.com\/fr\/#website","url":"https:\/\/cristianperfumo.staging.dissenyweb.com\/fr\/","name":"Cristian Perfumo","description":"P\u00e1gina web de Cristian Perfumo, autor de novelas de misterio ambientadas en la Patagonia.","potentialAction":[{"@type":"SearchAction","target":{"@type":"EntryPoint","urlTemplate":"https:\/\/cristianperfumo.staging.dissenyweb.com\/fr\/?s={search_term_string}"},"query-input":{"@type":"PropertyValueSpecification","valueRequired":true,"valueName":"search_term_string"}}],"inLanguage":"fr-FR"}]}},"_links":{"self":[{"href":"https:\/\/cristianperfumo.staging.dissenyweb.com\/fr\/wp-json\/wp\/v2\/pages\/3365","targetHints":{"allow":["GET"]}}],"collection":[{"href":"https:\/\/cristianperfumo.staging.dissenyweb.com\/fr\/wp-json\/wp\/v2\/pages"}],"about":[{"href":"https:\/\/cristianperfumo.staging.dissenyweb.com\/fr\/wp-json\/wp\/v2\/types\/page"}],"author":[{"embeddable":true,"href":"https:\/\/cristianperfumo.staging.dissenyweb.com\/fr\/wp-json\/wp\/v2\/users\/2"}],"replies":[{"embeddable":true,"href":"https:\/\/cristianperfumo.staging.dissenyweb.com\/fr\/wp-json\/wp\/v2\/comments?post=3365"}],"version-history":[{"count":5,"href":"https:\/\/cristianperfumo.staging.dissenyweb.com\/fr\/wp-json\/wp\/v2\/pages\/3365\/revisions"}],"predecessor-version":[{"id":3422,"href":"https:\/\/cristianperfumo.staging.dissenyweb.com\/fr\/wp-json\/wp\/v2\/pages\/3365\/revisions\/3422"}],"wp:attachment":[{"href":"https:\/\/cristianperfumo.staging.dissenyweb.com\/fr\/wp-json\/wp\/v2\/media?parent=3365"}],"curies":[{"name":"wp","href":"https:\/\/api.w.org\/{rel}","templated":true}]}}