{"id":3359,"date":"2024-01-10T13:15:16","date_gmt":"2024-01-10T13:15:16","guid":{"rendered":"https:\/\/cristianperfumo.staging.dissenyweb.com\/politique-de-confidentialite\/"},"modified":"2026-04-21T11:20:28","modified_gmt":"2026-04-21T11:20:28","slug":"politique-de-confidentialite","status":"publish","type":"page","link":"https:\/\/cristianperfumo.staging.dissenyweb.com\/fr\/politique-de-confidentialite\/","title":{"rendered":"Politique de confidentialit\u00e9"},"content":{"rendered":"\r\n<h1 class=\"wp-block-heading\"><strong>POLITIQUE DE CONFIDENTIALIT\u00c9<\/strong><\/h1>\r\n<p>L&rsquo;utilisation de ce site web et de ses formulaires implique l&rsquo;acceptation du traitement des donn\u00e9es de l&rsquo;utilisateur conform\u00e9ment \u00e0 la pr\u00e9sente politique de confidentialit\u00e9, y compris la collecte des donn\u00e9es d&rsquo;acc\u00e8s et l&rsquo;envoi d&rsquo;informations commerciales par voie \u00e9lectronique.<\/p>\r\n<h3><span style=\"color: #ffffff;\"><strong>Responsable du traitement des donn\u00e9es et coordonn\u00e9es<\/strong> <\/span><\/h3>\r\n<p>Coordonn\u00e9es du responsable :<\/p>\r\n<ul>\r\n<li>Le responsable est : CRISTIAN PERFUMO, ci-apr\u00e8s d\u00e9nomm\u00e9 \u00ab le propri\u00e9taire du site web \u00bb.<\/li>\r\n<li>Adresse : <span style=\"color: #ff0000;\">xxxxxxxxxxxxx<\/span><\/li>\r\n<li>T\u00e9l\u00e9phone : <span style=\"color: #ff0000;\">XXXXXXX<\/span><\/li>\r\n<li>E-mail : <a href=\"mailto:cristian@cristianperfumo.com\" rel=\"noopener\">cristian@cristianperfumo.com<\/a><\/li>\r\n<\/ul>\r\n<h3><span style=\"color: #ffffff;\"><strong>Finalit\u00e9 du traitement des donn\u00e9es<\/strong><\/span><\/h3>\r\n<p>Les donn\u00e9es sont trait\u00e9es dans le but de permettre l&rsquo;acc\u00e8s aux contenus en ligne du site web, de r\u00e9pondre aux demandes des utilisateurs du site, de tenir un registre des visites (adresses IP, donn\u00e9es du navigateur, pays, page consult\u00e9e, etc.) \u00e0 des fins statistiques, de mettre en \u0153uvre des mesures visant \u00e0 assurer la s\u00e9curit\u00e9 du site web, ainsi que, le cas \u00e9ch\u00e9ant, de vous envoyer par voie \u00e9lectronique des informations commerciales sur nos produits et services.<\/p>\r\n<p>Si vous remplissez l&rsquo;un de ces formulaires, vous devrez fournir certaines donn\u00e9es \u00e0 caract\u00e8re personnel, qui seront trait\u00e9es aux fins pour lesquelles elles sont demand\u00e9es.<\/p>\r\n<h3><span style=\"color: #ffffff;\"><strong>Qualit\u00e9 pour agir<\/strong> <\/span><\/h3>\r\n<p>Les donn\u00e9es sont trait\u00e9es sur la base du consentement de l&rsquo;utilisateur, du respect des obligations l\u00e9gales et, le cas \u00e9ch\u00e9ant, pour l&rsquo;ex\u00e9cution d&rsquo;un contrat ou d&rsquo;un avant-contrat.<\/p>\r\n<h3><span style=\"color: #ffffff;\"><strong>Destinataires et virements<\/strong> <\/span><\/h3>\r\n<p>Destinataires : le propri\u00e9taire du site web.<\/p>\r\n<p>Aucun transfert international (en dehors de l&rsquo;Espace \u00e9conomique europ\u00e9en) n&rsquo;est pr\u00e9vu, sauf \u00e0 des fins de stockage, et dans tous les cas sur la base d&rsquo;une d\u00e9cision d&rsquo;ad\u00e9quation, de garanties ad\u00e9quates, ainsi que d&rsquo;entit\u00e9s adh\u00e9rant \u00e0 l&rsquo;accord Privacy Shield (<a href=\"http:\/\/www.privacyshield.gov\/\">http:\/\/www.privacyshield.gov<\/a>)<\/p>\r\n<h3><span style=\"color: #ffffff;\"><strong>Dur\u00e9e de conservation des donn\u00e9es<\/strong> <\/span><\/h3>\r\n<p>Au moins pendant les d\u00e9lais fix\u00e9s par la l\u00e9gislation applicable et, en tout \u00e9tat de cause, tant que le consentement reste valable.<\/p>\r\n<h3><span style=\"color: #ffffff;\"><strong>Droits de la personne<\/strong> <\/span><\/h3>\r\n<p>Les personnes concern\u00e9es ont le droit : d&rsquo;acc\u00e9der \u00e0 leurs donn\u00e9es, de les rectifier et de les supprimer ; de demander la portabilit\u00e9 de leurs donn\u00e9es ; de s&rsquo;opposer au traitement ou d&rsquo;en demander la limitation ; de retirer leur consentement, le cas \u00e9ch\u00e9ant. Pour ce faire, vous pouvez envoyer votre demande par courrier postal ou par e-mail \u00e0 l&rsquo;adresse du responsable, en indiquant la mention \u00ab Protection des donn\u00e9es \u00bb.<\/p>\r\n<p>Afin de faciliter l&rsquo;identification, nous recommandons \u00e0 la personne concern\u00e9e de joindre \u00e0 sa demande une copie de sa carte d&rsquo;identit\u00e9 ou de son passeport.<\/p>\r\n<p>Les personnes concern\u00e9es peuvent \u00e9galement d\u00e9poser une r\u00e9clamation aupr\u00e8s de l&rsquo;autorit\u00e9 de contr\u00f4le charg\u00e9e de la protection des donn\u00e9es.<\/p>\r\n<h3><span style=\"color: #ffffff;\"><strong>Exactitude et mise \u00e0 jour des donn\u00e9es<\/strong> <\/span><\/h3>\r\n<p>L&rsquo;utilisateur doit remplir les formulaires en fournissant des informations v\u00e9ridiques, exactes, compl\u00e8tes et \u00e0 jour. L&rsquo;utilisateur ne doit pas saisir des donn\u00e9es concernant une autre personne. Le propri\u00e9taire du site web pr\u00e9sumera que les donn\u00e9es ont \u00e9t\u00e9 fournies par leur titulaire. L&rsquo;utilisateur sera seul responsable de tout dommage ou pr\u00e9judice, direct ou indirect, qu&rsquo;il pourrait causer \u00e0 quiconque en raison du fait d&rsquo;avoir rempli le formulaire avec des donn\u00e9es fausses, inexactes, incompl\u00e8tes, non \u00e0 jour ou concernant une autre personne.<\/p>\r\n<p>L&rsquo;utilisateur doit signaler toute modification des informations fournies afin que celles-ci soient d\u00fbment mises \u00e0 jour.<\/p>\r\n<h3><span style=\"color: #ffffff;\"><strong>S\u00e9curit\u00e9 de l&rsquo;information<\/strong> <\/span><\/h3>\r\n<p>Le responsable du site web a pris toutes les mesures l\u00e9galement requises pour la protection des donn\u00e9es \u00e0 caract\u00e8re personnel et a \u00e9galement mis en place tous les dispositifs techniques \u00e0 sa disposition pour pr\u00e9venir la perte, l&rsquo;utilisation abusive, l&rsquo;alt\u00e9ration, l&rsquo;acc\u00e8s non autoris\u00e9 ou le vol des donn\u00e9es \u00e0 caract\u00e8re personnel fournies par les utilisateurs du site web. L&rsquo;utilisateur doit toutefois garder \u00e0 l&rsquo;esprit que les mesures de s\u00e9curit\u00e9 sur Internet ne sont pas totalement infaillibles.<\/p>\r\n<h3><span style=\"color: #ffffff;\"><strong>Mineurs<\/strong> <\/span><\/h3>\r\n<p>Le propri\u00e9taire du site interdit l&rsquo;utilisation de ses services en ligne aux utilisateurs \u00e2g\u00e9s de moins de 16 ans, sauf autorisation expresse de leurs parents ou tuteurs.<\/p>\r\n<h3><span style=\"color: #ffffff;\"><strong>Analyses Web<\/strong> <\/span><\/h3>\r\n<p>Ce site web utilise divers outils d&rsquo;analyse afin de comprendre comment il est recherch\u00e9, consult\u00e9 et utilis\u00e9 par le public. Ces outils peuvent impliquer la collecte de donn\u00e9es \u00e0 caract\u00e8re personnel, telles que l&rsquo;adresse IP, la localisation de la connexion, des informations sur le logiciel ou le mat\u00e9riel de navigation, etc. Ces informations ne sont pas associ\u00e9es aux utilisateurs et sont utilis\u00e9es dans le seul but d&rsquo;obtenir des donn\u00e9es statistiques sur l&rsquo;utilisation du site web de l&rsquo;entreprise.<\/p>\r\n<h3><span style=\"color: #ffffff;\"><strong>Utilisation de fonctionnalit\u00e9s et d&rsquo;extensions tierces<\/strong> <\/span><\/h3>\r\n<p>Ce site web peut int\u00e9grer des fonctionnalit\u00e9s et des modules fournis par des tiers \u00e0 diverses fins, telles que : des outils d&rsquo;analyse web tiers, des cartes tierces, des vid\u00e9os tierces, le partage sur les r\u00e9seaux sociaux, etc.<\/p>\r\n<p>Une fonctionnalit\u00e9 ou une extension tierce \u00e9tablit une connexion directe entre le navigateur de l&rsquo;utilisateur et les domaines Internet contr\u00f4l\u00e9s par ce tiers, permettant ainsi le t\u00e9l\u00e9chargement et l&rsquo;ex\u00e9cution de la fonctionnalit\u00e9.<\/p>\r\n<p>De m\u00eame, la plupart des extensions tierces enregistrent les pages consult\u00e9es par les utilisateurs afin de conna\u00eetre leurs centres d&rsquo;int\u00e9r\u00eat et de leur proposer ensuite des publicit\u00e9s adapt\u00e9es \u00e0 ceux-ci.<\/p>\r\n<h3><span style=\"color: #ffffff;\"><strong>Utilisation de la fonctionnalit\u00e9 Google Analytics fournie par Google, Inc.<\/strong> <\/span><\/h3>\r\n<p>Ce site web int\u00e8gre des fonctionnalit\u00e9s d&rsquo;analyse de Google Inc (1600 AMPHITHEATRE PARKWAY, MOUNTAIN VIEW, CALIFORNIA, USA) afin de comprendre comment il est recherch\u00e9, consult\u00e9 et utilis\u00e9 par les utilisateurs. \u00c0 cette fin, lorsque l&rsquo;utilisateur utilise ce site web, son navigateur \u00e9tablit une connexion directe avec les serveurs du domaine internet google.com et d&rsquo;autres domaines de Google. Cela permet \u00e0 Google d&rsquo;enregistrer l&rsquo;activit\u00e9 de l&rsquo;utilisateur ainsi que des informations relatives \u00e0 son adresse IP. Google Analytics utilise des cookies persistants pour \u00e9tablir des statistiques anonymes sur l&rsquo;utilisation de ce site web, conform\u00e9ment \u00e0 la politique de confidentialit\u00e9 suivante: <a href=\"https:\/\/www.google.com\/analytics\/learn\/privacy.html?hl=es.\">https:\/\/www.google.com\/analytics\/learn\/privacy.html?hl=es.<\/a> En utilisant ce site web, l&rsquo;utilisateur consent au traitement de ses donn\u00e9es par Google de la mani\u00e8re et aux fins indiqu\u00e9es.<\/p>\r\n<h3><span style=\"color: #ffffff;\"><strong>Utilisation des fonctionnalit\u00e9s fournies par Google, Inc.<\/strong> <\/span><\/h3>\r\n<p>Ce site web int\u00e8gre des fonctionnalit\u00e9s de Google Inc. (1600 Amphitheatre Parkway, Mountain View, Californie, \u00c9tats-Unis), telles que des vid\u00e9os YouTube, des cartes et des boutons \u00ab +1 \u00bb. \u00c0 cette fin, lorsque l&rsquo;utilisateur consulte le site web, son navigateur \u00e9tablit une connexion directe avec les serveurs du domaine google.com et d&rsquo;autres domaines de Google. Cela permet \u00e0 Google de savoir que l&rsquo;utilisateur a visit\u00e9 le site web \u00e0 partir de son adresse IP. Google utilise des cookies persistants, le stockage local et le stockage local Flash sur l&rsquo;appareil de l&rsquo;utilisateur \u00e0 diverses fins, notamment pour collecter des donn\u00e9es sur l&rsquo;activit\u00e9 de l&rsquo;utilisateur sur Internet afin de lui proposer des publicit\u00e9s adapt\u00e9es \u00e0 ses centres d&rsquo;int\u00e9r\u00eat, conform\u00e9ment \u00e0 ses politiques de confidentialit\u00e9 :\u00a0<a href=\"http:\/\/www.google.es\/intl\/es\/policies\/privacy\/\">http:\/\/www.google.es\/intl\/es\/policies\/privacy\/. <\/a>\u00a0En utilisant ce site web, l&rsquo;utilisateur consent au traitement de ses donn\u00e9es par Google de la mani\u00e8re et aux fins indiqu\u00e9es.<\/p>\r\n<p>&nbsp;<\/p>\r\n","protected":false},"excerpt":{"rendered":"<p>POLITIQUE DE CONFIDENTIALIT\u00c9 L&rsquo;utilisation de ce site web et de<\/p>\n","protected":false},"author":1,"featured_media":0,"parent":0,"menu_order":0,"comment_status":"closed","ping_status":"open","template":"","meta":{"_acf_changed":false,"footnotes":""},"class_list":["post-3359","page","type-page","status-publish","hentry"],"acf":[],"yoast_head":"<!-- This site is optimized with the Yoast SEO plugin v26.4 - https:\/\/yoast.com\/wordpress\/plugins\/seo\/ -->\n<title>Politique de confidentialit\u00e9 - Cristian Perfumo<\/title>\n<meta name=\"robots\" content=\"index, follow, max-snippet:-1, max-image-preview:large, max-video-preview:-1\" \/>\n<link rel=\"canonical\" href=\"https:\/\/cristianperfumo.staging.dissenyweb.com\/fr\/politique-de-confidentialite\/\" \/>\n<meta property=\"og:locale\" content=\"fr_FR\" \/>\n<meta property=\"og:type\" content=\"article\" \/>\n<meta property=\"og:title\" content=\"Politique de confidentialit\u00e9 - Cristian Perfumo\" \/>\n<meta property=\"og:description\" content=\"POLITIQUE DE CONFIDENTIALIT\u00c9 L&rsquo;utilisation de ce site web et de\" \/>\n<meta property=\"og:url\" content=\"https:\/\/cristianperfumo.staging.dissenyweb.com\/fr\/politique-de-confidentialite\/\" \/>\n<meta property=\"og:site_name\" content=\"Cristian Perfumo\" \/>\n<meta property=\"article:modified_time\" content=\"2026-04-21T11:20:28+00:00\" \/>\n<meta name=\"twitter:card\" content=\"summary_large_image\" \/>\n<meta name=\"twitter:label1\" content=\"Dur\u00e9e de lecture estim\u00e9e\" \/>\n\t<meta name=\"twitter:data1\" content=\"6 minutes\" \/>\n<script type=\"application\/ld+json\" class=\"yoast-schema-graph\">{\"@context\":\"https:\/\/schema.org\",\"@graph\":[{\"@type\":\"WebPage\",\"@id\":\"https:\/\/cristianperfumo.staging.dissenyweb.com\/fr\/politique-de-confidentialite\/\",\"url\":\"https:\/\/cristianperfumo.staging.dissenyweb.com\/fr\/politique-de-confidentialite\/\",\"name\":\"Politique de confidentialit\u00e9 - Cristian Perfumo\",\"isPartOf\":{\"@id\":\"https:\/\/cristianperfumo.staging.dissenyweb.com\/fr\/#website\"},\"datePublished\":\"2024-01-10T13:15:16+00:00\",\"dateModified\":\"2026-04-21T11:20:28+00:00\",\"breadcrumb\":{\"@id\":\"https:\/\/cristianperfumo.staging.dissenyweb.com\/fr\/politique-de-confidentialite\/#breadcrumb\"},\"inLanguage\":\"fr-FR\",\"potentialAction\":[{\"@type\":\"ReadAction\",\"target\":[\"https:\/\/cristianperfumo.staging.dissenyweb.com\/fr\/politique-de-confidentialite\/\"]}]},{\"@type\":\"BreadcrumbList\",\"@id\":\"https:\/\/cristianperfumo.staging.dissenyweb.com\/fr\/politique-de-confidentialite\/#breadcrumb\",\"itemListElement\":[{\"@type\":\"ListItem\",\"position\":1,\"name\":\"Portada\",\"item\":\"https:\/\/cristianperfumo.staging.dissenyweb.com\/fr\/\"},{\"@type\":\"ListItem\",\"position\":2,\"name\":\"Politique de confidentialit\u00e9\"}]},{\"@type\":\"WebSite\",\"@id\":\"https:\/\/cristianperfumo.staging.dissenyweb.com\/fr\/#website\",\"url\":\"https:\/\/cristianperfumo.staging.dissenyweb.com\/fr\/\",\"name\":\"Cristian Perfumo\",\"description\":\"P\u00e1gina web de Cristian Perfumo, autor de novelas de misterio ambientadas en la Patagonia.\",\"potentialAction\":[{\"@type\":\"SearchAction\",\"target\":{\"@type\":\"EntryPoint\",\"urlTemplate\":\"https:\/\/cristianperfumo.staging.dissenyweb.com\/fr\/?s={search_term_string}\"},\"query-input\":{\"@type\":\"PropertyValueSpecification\",\"valueRequired\":true,\"valueName\":\"search_term_string\"}}],\"inLanguage\":\"fr-FR\"}]}<\/script>\n<!-- \/ Yoast SEO plugin. -->","yoast_head_json":{"title":"Politique de confidentialit\u00e9 - Cristian Perfumo","robots":{"index":"index","follow":"follow","max-snippet":"max-snippet:-1","max-image-preview":"max-image-preview:large","max-video-preview":"max-video-preview:-1"},"canonical":"https:\/\/cristianperfumo.staging.dissenyweb.com\/fr\/politique-de-confidentialite\/","og_locale":"fr_FR","og_type":"article","og_title":"Politique de confidentialit\u00e9 - Cristian Perfumo","og_description":"POLITIQUE DE CONFIDENTIALIT\u00c9 L&rsquo;utilisation de ce site web et de","og_url":"https:\/\/cristianperfumo.staging.dissenyweb.com\/fr\/politique-de-confidentialite\/","og_site_name":"Cristian Perfumo","article_modified_time":"2026-04-21T11:20:28+00:00","twitter_card":"summary_large_image","twitter_misc":{"Dur\u00e9e de lecture estim\u00e9e":"6 minutes"},"schema":{"@context":"https:\/\/schema.org","@graph":[{"@type":"WebPage","@id":"https:\/\/cristianperfumo.staging.dissenyweb.com\/fr\/politique-de-confidentialite\/","url":"https:\/\/cristianperfumo.staging.dissenyweb.com\/fr\/politique-de-confidentialite\/","name":"Politique de confidentialit\u00e9 - Cristian Perfumo","isPartOf":{"@id":"https:\/\/cristianperfumo.staging.dissenyweb.com\/fr\/#website"},"datePublished":"2024-01-10T13:15:16+00:00","dateModified":"2026-04-21T11:20:28+00:00","breadcrumb":{"@id":"https:\/\/cristianperfumo.staging.dissenyweb.com\/fr\/politique-de-confidentialite\/#breadcrumb"},"inLanguage":"fr-FR","potentialAction":[{"@type":"ReadAction","target":["https:\/\/cristianperfumo.staging.dissenyweb.com\/fr\/politique-de-confidentialite\/"]}]},{"@type":"BreadcrumbList","@id":"https:\/\/cristianperfumo.staging.dissenyweb.com\/fr\/politique-de-confidentialite\/#breadcrumb","itemListElement":[{"@type":"ListItem","position":1,"name":"Portada","item":"https:\/\/cristianperfumo.staging.dissenyweb.com\/fr\/"},{"@type":"ListItem","position":2,"name":"Politique de confidentialit\u00e9"}]},{"@type":"WebSite","@id":"https:\/\/cristianperfumo.staging.dissenyweb.com\/fr\/#website","url":"https:\/\/cristianperfumo.staging.dissenyweb.com\/fr\/","name":"Cristian Perfumo","description":"P\u00e1gina web de Cristian Perfumo, autor de novelas de misterio ambientadas en la Patagonia.","potentialAction":[{"@type":"SearchAction","target":{"@type":"EntryPoint","urlTemplate":"https:\/\/cristianperfumo.staging.dissenyweb.com\/fr\/?s={search_term_string}"},"query-input":{"@type":"PropertyValueSpecification","valueRequired":true,"valueName":"search_term_string"}}],"inLanguage":"fr-FR"}]}},"_links":{"self":[{"href":"https:\/\/cristianperfumo.staging.dissenyweb.com\/fr\/wp-json\/wp\/v2\/pages\/3359","targetHints":{"allow":["GET"]}}],"collection":[{"href":"https:\/\/cristianperfumo.staging.dissenyweb.com\/fr\/wp-json\/wp\/v2\/pages"}],"about":[{"href":"https:\/\/cristianperfumo.staging.dissenyweb.com\/fr\/wp-json\/wp\/v2\/types\/page"}],"author":[{"embeddable":true,"href":"https:\/\/cristianperfumo.staging.dissenyweb.com\/fr\/wp-json\/wp\/v2\/users\/1"}],"replies":[{"embeddable":true,"href":"https:\/\/cristianperfumo.staging.dissenyweb.com\/fr\/wp-json\/wp\/v2\/comments?post=3359"}],"version-history":[{"count":3,"href":"https:\/\/cristianperfumo.staging.dissenyweb.com\/fr\/wp-json\/wp\/v2\/pages\/3359\/revisions"}],"predecessor-version":[{"id":3427,"href":"https:\/\/cristianperfumo.staging.dissenyweb.com\/fr\/wp-json\/wp\/v2\/pages\/3359\/revisions\/3427"}],"wp:attachment":[{"href":"https:\/\/cristianperfumo.staging.dissenyweb.com\/fr\/wp-json\/wp\/v2\/media?parent=3359"}],"curies":[{"name":"wp","href":"https:\/\/api.w.org\/{rel}","templated":true}]}}