{"id":3364,"date":"2026-04-20T15:46:48","date_gmt":"2026-04-20T15:46:48","guid":{"rendered":"https:\/\/cristianperfumo.staging.dissenyweb.com\/legal-notice\/"},"modified":"2026-04-21T10:49:48","modified_gmt":"2026-04-21T10:49:48","slug":"legal-notice","status":"publish","type":"page","link":"https:\/\/cristianperfumo.staging.dissenyweb.com\/en\/legal-notice\/","title":{"rendered":"Legal notice"},"content":{"rendered":"<h1><span style=\"color: #ffffff;\">LEGAL NOTICE<\/span><\/h1>\n<p>Website owner and contact details<\/p>\n<p>www.cristianperfumo.com is an internet domain owned by CRISTIAN PERFUMO, with <span style=\"color: #ff0000;\">CIF\/NIF XXXXXXX<\/span> and a registered address at <span style=\"color: #ff0000;\">xxxxxxxxxxxx.<\/span><\/p>\n<p>The purpose of the website is to provide commercial information about the products we distribute, as well as to provide a channel for potential customers or existing customers to contact us via this website.<\/p>\n<p>You can contact us:<\/p>\n<ul>\n<li>By telephone, on \u00a0<span style=\"color: #ff0000;\">XXXXXXX<\/span><\/li>\n<li>By email, by writing to <a href=\"mailto:cristian@cristianperfumo.com\" rel=\"noopener\">cristian@cristianperfumo.com.<\/a><\/li>\n<li>In writing, addressed to CRISTIAN PERFUMO, <span style=\"color: #ff0000;\">xxxxxxxxx Street, Barcelona.<\/span><\/li>\n<\/ul>\n<p>If you have any queries, please do not hesitate to contact CRISTIAN PERFUMO, hereinafter referred to as the website owner.<\/p>\n<h3><span style=\"color: #ffffff;\"><strong>Terms and conditions of use of the website<\/strong><\/span><\/h3>\n<p>These terms and conditions govern access to this website by the website owner\u2019s customers and other internet users. By using this website, the user indicates their unreserved acceptance of these terms and conditions.<\/p>\n<p>The website owner reserves the right to unilaterally amend these terms and conditions of access to the website, as well as the content contained therein.<\/p>\n<h3><span style=\"color: #ffffff;\"><strong>Limitation and exclusion of liability<\/strong><\/span><\/h3>\n<p>The content of this website is of a general nature and is provided for information purposes only. The website owner accepts no liability for any information not produced by it or published in its name without its authorisation, nor for any liability arising from the misuse of the content by third parties.<\/p>\n<p>The user releases the website owner from any liability that may arise from interruptions to the website\u2019s availability, whether due to malfunctions of the web server or applications, the communications infrastructure, or the software and hardware used for browsing.<\/p>\n<p>Where links to other websites are included, the website owner accepts no liability whatsoever in connection with access to or use of such links.<\/p>\n<h3><span style=\"color: #ffffff;\"><strong>Intellectual and industrial property<\/strong><\/span><\/h3>\n<p>This entire website is protected by intellectual and industrial property laws. Unless otherwise stated, the intellectual property rights to this content belong exclusively to the website owner. The user acknowledges that the use of the content is strictly limited to the user\u2019s own personal purposes and that the reproduction, distribution, communication or modification of such works without express authorisation constitutes an infringement of intellectual property rights.<\/p>\n<p>Furthermore, the user shall refrain from using the content and, in particular, any information obtained via the website to send advertising, communications for the purposes of direct sales or for any other commercial purpose, or unsolicited messages addressed to a number of people, regardless of their purpose. The user shall also refrain from marketing or disclosing such information in any way.<\/p>\n<p>www.cristianperfumo.com is a domain owned by the website owner. It may not be used, unless expressly authorised in advance, in connection with any products or services not provided by the website owner in any way that might cause confusion amongst our customers or bring the website owner into disrepute.<\/p>\n<h3><span style=\"color: #ffffff;\"><strong>Link policy for this website<\/strong><\/span><\/h3>\n<p>If any user, organisation or website wishes to create a link to this website, they must request prior written authorisation before doing so.<\/p>\n<p>Furthermore, links are only permitted to the website\u2019s home page. The link must be absolute and complete; that is, it must direct the user to the website owner\u2019s actual address, covering the entire screen of the page containing the link. Under no circumstances, unless expressly authorised in writing by the website owner, may the page providing the link reproduce the website owner\u2019s website in any way, include it as part of its own website, or display it within one of its frames on any of the pages or within the content of this website.<\/p>\n<p>No false, inaccurate or incorrect statements regarding the pages of this website or the services offered on it will be included.<\/p>\n<p>The link shall not contain any trademarks, trade names, business names, designations, logos, slogans or other distinctive signs belonging to the website owner.<\/p>\n<p>Under no circumstances shall the website owner be liable for the content or services made available to the public on the website from which the hyperlink originates, nor for any information or statements contained therein.<\/p>\n<p>Data protection<\/p>\n<p>La utilizaci\u00f3n de esta web y de sus formularios requiere la aceptaci\u00f3n del tratamiento de los datos del usuario conforme a nuestra pol\u00edtica de privacidad, incluyendo la recopilaci\u00f3n de datos de acceso y el env\u00edo de informaci\u00f3n comercial por v\u00eda electr\u00f3nica.<\/p>\n<p>Lea detenidamente nuestra pol\u00edtica de privacidad para conocer c\u00f3mo utilizamos los datos de los usuarios y c\u00f3mo ejercer los derechos de acceso, rectificaci\u00f3n, cancelaci\u00f3n y oposici\u00f3n.<\/p>\n<h3><span style=\"color: #ffffff;\"><strong>Cookies<\/strong><\/span><\/h3>\n<p>This website uses first-party and third-party cookies for various purposes, including analytics and advertising tailored to users\u2019 interests. By using this website with cookies enabled in your browser, you consent to their use in accordance with our cookie policy.<\/p>\n<p>Please read our cookie policy carefully to find out what types of cookies we use, and how to block and delete them in your browser.<\/p>\n<h3><span style=\"color: #ffffff;\"><strong>Prevalence of the Spanish version<\/strong><\/span><\/h3>\n<p>Should this legal notice be translated into other languages, in the event of any discrepancy, the Spanish version shall prevail.<\/p>\n<h3><span style=\"color: #ffffff;\"><strong>Applicable law and jurisdiction<\/strong><\/span><\/h3>\n<p>This Legal Notice, as well as the relationship between the website owner and users, shall be governed by current Spanish legislation, and any dispute shall be submitted to the Courts and Tribunals of BARCELONA, except in the case of consumers and users, in which case the mandatory jurisdiction of the courts corresponding to their place of residence shall apply.<\/p>\n","protected":false},"excerpt":{"rendered":"<p>LEGAL NOTICE Website owner and contact details www.cristianperfumo.com is an<\/p>\n","protected":false},"author":2,"featured_media":0,"parent":0,"menu_order":0,"comment_status":"closed","ping_status":"closed","template":"","meta":{"_acf_changed":false,"footnotes":""},"class_list":["post-3364","page","type-page","status-publish","hentry"],"acf":[],"yoast_head":"<!-- This site is optimized with the Yoast SEO plugin v26.4 - https:\/\/yoast.com\/wordpress\/plugins\/seo\/ -->\n<title>Legal notice - Cristian Perfumo<\/title>\n<meta name=\"robots\" content=\"index, follow, max-snippet:-1, max-image-preview:large, max-video-preview:-1\" \/>\n<link rel=\"canonical\" href=\"https:\/\/cristianperfumo.staging.dissenyweb.com\/en\/legal-notice\/\" \/>\n<meta property=\"og:locale\" content=\"en_US\" \/>\n<meta property=\"og:type\" content=\"article\" \/>\n<meta property=\"og:title\" content=\"Legal notice - Cristian Perfumo\" \/>\n<meta property=\"og:description\" content=\"LEGAL NOTICE Website owner and contact details www.cristianperfumo.com is an\" \/>\n<meta property=\"og:url\" content=\"https:\/\/cristianperfumo.staging.dissenyweb.com\/en\/legal-notice\/\" \/>\n<meta property=\"og:site_name\" content=\"Cristian Perfumo\" \/>\n<meta property=\"article:modified_time\" content=\"2026-04-21T10:49:48+00:00\" \/>\n<meta name=\"twitter:card\" content=\"summary_large_image\" \/>\n<meta name=\"twitter:label1\" content=\"Est. reading time\" \/>\n\t<meta name=\"twitter:data1\" content=\"4 minutes\" \/>\n<script type=\"application\/ld+json\" class=\"yoast-schema-graph\">{\"@context\":\"https:\/\/schema.org\",\"@graph\":[{\"@type\":\"WebPage\",\"@id\":\"https:\/\/cristianperfumo.staging.dissenyweb.com\/en\/legal-notice\/\",\"url\":\"https:\/\/cristianperfumo.staging.dissenyweb.com\/en\/legal-notice\/\",\"name\":\"Legal notice - Cristian Perfumo\",\"isPartOf\":{\"@id\":\"https:\/\/cristianperfumo.staging.dissenyweb.com\/en\/#website\"},\"datePublished\":\"2026-04-20T15:46:48+00:00\",\"dateModified\":\"2026-04-21T10:49:48+00:00\",\"breadcrumb\":{\"@id\":\"https:\/\/cristianperfumo.staging.dissenyweb.com\/en\/legal-notice\/#breadcrumb\"},\"inLanguage\":\"en-US\",\"potentialAction\":[{\"@type\":\"ReadAction\",\"target\":[\"https:\/\/cristianperfumo.staging.dissenyweb.com\/en\/legal-notice\/\"]}]},{\"@type\":\"BreadcrumbList\",\"@id\":\"https:\/\/cristianperfumo.staging.dissenyweb.com\/en\/legal-notice\/#breadcrumb\",\"itemListElement\":[{\"@type\":\"ListItem\",\"position\":1,\"name\":\"Portada\",\"item\":\"https:\/\/cristianperfumo.staging.dissenyweb.com\/en\/\"},{\"@type\":\"ListItem\",\"position\":2,\"name\":\"Legal notice\"}]},{\"@type\":\"WebSite\",\"@id\":\"https:\/\/cristianperfumo.staging.dissenyweb.com\/en\/#website\",\"url\":\"https:\/\/cristianperfumo.staging.dissenyweb.com\/en\/\",\"name\":\"Cristian Perfumo\",\"description\":\"P\u00e1gina web de Cristian Perfumo, autor de novelas de misterio ambientadas en la Patagonia.\",\"potentialAction\":[{\"@type\":\"SearchAction\",\"target\":{\"@type\":\"EntryPoint\",\"urlTemplate\":\"https:\/\/cristianperfumo.staging.dissenyweb.com\/en\/?s={search_term_string}\"},\"query-input\":{\"@type\":\"PropertyValueSpecification\",\"valueRequired\":true,\"valueName\":\"search_term_string\"}}],\"inLanguage\":\"en-US\"}]}<\/script>\n<!-- \/ Yoast SEO plugin. -->","yoast_head_json":{"title":"Legal notice - Cristian Perfumo","robots":{"index":"index","follow":"follow","max-snippet":"max-snippet:-1","max-image-preview":"max-image-preview:large","max-video-preview":"max-video-preview:-1"},"canonical":"https:\/\/cristianperfumo.staging.dissenyweb.com\/en\/legal-notice\/","og_locale":"en_US","og_type":"article","og_title":"Legal notice - Cristian Perfumo","og_description":"LEGAL NOTICE Website owner and contact details www.cristianperfumo.com is an","og_url":"https:\/\/cristianperfumo.staging.dissenyweb.com\/en\/legal-notice\/","og_site_name":"Cristian Perfumo","article_modified_time":"2026-04-21T10:49:48+00:00","twitter_card":"summary_large_image","twitter_misc":{"Est. reading time":"4 minutes"},"schema":{"@context":"https:\/\/schema.org","@graph":[{"@type":"WebPage","@id":"https:\/\/cristianperfumo.staging.dissenyweb.com\/en\/legal-notice\/","url":"https:\/\/cristianperfumo.staging.dissenyweb.com\/en\/legal-notice\/","name":"Legal notice - Cristian Perfumo","isPartOf":{"@id":"https:\/\/cristianperfumo.staging.dissenyweb.com\/en\/#website"},"datePublished":"2026-04-20T15:46:48+00:00","dateModified":"2026-04-21T10:49:48+00:00","breadcrumb":{"@id":"https:\/\/cristianperfumo.staging.dissenyweb.com\/en\/legal-notice\/#breadcrumb"},"inLanguage":"en-US","potentialAction":[{"@type":"ReadAction","target":["https:\/\/cristianperfumo.staging.dissenyweb.com\/en\/legal-notice\/"]}]},{"@type":"BreadcrumbList","@id":"https:\/\/cristianperfumo.staging.dissenyweb.com\/en\/legal-notice\/#breadcrumb","itemListElement":[{"@type":"ListItem","position":1,"name":"Portada","item":"https:\/\/cristianperfumo.staging.dissenyweb.com\/en\/"},{"@type":"ListItem","position":2,"name":"Legal notice"}]},{"@type":"WebSite","@id":"https:\/\/cristianperfumo.staging.dissenyweb.com\/en\/#website","url":"https:\/\/cristianperfumo.staging.dissenyweb.com\/en\/","name":"Cristian Perfumo","description":"P\u00e1gina web de Cristian Perfumo, autor de novelas de misterio ambientadas en la Patagonia.","potentialAction":[{"@type":"SearchAction","target":{"@type":"EntryPoint","urlTemplate":"https:\/\/cristianperfumo.staging.dissenyweb.com\/en\/?s={search_term_string}"},"query-input":{"@type":"PropertyValueSpecification","valueRequired":true,"valueName":"search_term_string"}}],"inLanguage":"en-US"}]}},"_links":{"self":[{"href":"https:\/\/cristianperfumo.staging.dissenyweb.com\/en\/wp-json\/wp\/v2\/pages\/3364","targetHints":{"allow":["GET"]}}],"collection":[{"href":"https:\/\/cristianperfumo.staging.dissenyweb.com\/en\/wp-json\/wp\/v2\/pages"}],"about":[{"href":"https:\/\/cristianperfumo.staging.dissenyweb.com\/en\/wp-json\/wp\/v2\/types\/page"}],"author":[{"embeddable":true,"href":"https:\/\/cristianperfumo.staging.dissenyweb.com\/en\/wp-json\/wp\/v2\/users\/2"}],"replies":[{"embeddable":true,"href":"https:\/\/cristianperfumo.staging.dissenyweb.com\/en\/wp-json\/wp\/v2\/comments?post=3364"}],"version-history":[{"count":3,"href":"https:\/\/cristianperfumo.staging.dissenyweb.com\/en\/wp-json\/wp\/v2\/pages\/3364\/revisions"}],"predecessor-version":[{"id":3418,"href":"https:\/\/cristianperfumo.staging.dissenyweb.com\/en\/wp-json\/wp\/v2\/pages\/3364\/revisions\/3418"}],"wp:attachment":[{"href":"https:\/\/cristianperfumo.staging.dissenyweb.com\/en\/wp-json\/wp\/v2\/media?parent=3364"}],"curies":[{"name":"wp","href":"https:\/\/api.w.org\/{rel}","templated":true}]}}